{"id":23143,"date":"2021-04-13T09:12:49","date_gmt":"2021-04-13T09:12:49","guid":{"rendered":"https:\/\/pikark.com\/?post_type=product&#038;p=23143"},"modified":"2021-04-19T11:53:02","modified_gmt":"2021-04-19T11:53:02","slug":"sistem-i-izoluar-me-hapje-smartia-s67-phos","status":"publish","type":"product","link":"https:\/\/pikark.com\/en\/product\/sistem-i-izoluar-me-hapje-smartia-s67-phos\/","title":{"rendered":"Sistem i izoluar me hapje SMARTIA S67 PHOS"},"content":{"rendered":"<p>SMARTIA S67 PHOS ofron sisteme moderne minimale me kanat dhe pjes\u00eb t\u00eb fshehura. Ky version maksimizon drit\u00ebn natyrale fal\u00eb gjer\u00ebsis\u00eb s\u00eb dukshme t\u00eb profilit t\u00eb aluminit prej vet\u00ebm 72 mm. Izolimi dhe performanca e shk\u00eblqyer termike e tij n\u00eb aspektin e p\u00ebrshkueshm\u00ebris\u00eb s\u00eb ajrit, ujit dhe ngarkes\u00ebs s\u00eb er\u00ebs, e b\u00ebn at\u00eb ideal p\u00ebr projektet e k\u00ebrkuara. Avantazhet: Kursim i lart\u00eb energjie fal\u00eb performanc\u00ebs s\u00eb jasht\u00ebzakonshme termike Drit\u00eb natyrale e shtuar prej dizajnit minimal t\u00eb sistemit Leht\u00ebsi p\u00ebrdorimi dhe funksionalitet i lart\u00eb Niveli i lart\u00eb sigurie Dizajn modern Leht\u00ebsia e qasjes sipas specifikimeve p\u00ebr personat me nevoja t\u00eb ve\u00e7anta dhe f\u00ebmij\u00ebt Shum\u00ebllojshm\u00ebri t\u00eb gjer\u00eb t\u00eb tipologjive dhe zgjidhjeve Rritja e ngarkesave statike dhe funksionaliteti n\u00eb rast t\u00eb kushteve t\u00eb r\u00ebnda t\u00eb motit<\/p>\n","protected":false},"excerpt":{"rendered":"<p>Sistem i izoluar me hapje SMARTIA S67 PHOS<\/p>\n","protected":false},"featured_media":23142,"comment_status":"open","ping_status":"closed","template":"","meta":[],"product_cat":[715],"product_tag":[805,806,807,808],"yoast_head":"<!-- This site is optimized with the Yoast SEO plugin v21.7 - https:\/\/yoast.com\/wordpress\/plugins\/seo\/ -->\n<title>Sistem i izoluar me hapje SMARTIA S67 PHOS - Pikark<\/title>\n<meta name=\"robots\" content=\"index, follow, max-snippet:-1, max-image-preview:large, max-video-preview:-1\" \/>\n<link rel=\"canonical\" href=\"https:\/\/pikark.com\/en\/product\/sistem-i-izoluar-me-hapje-smartia-s67-phos\/\" \/>\n<meta property=\"og:locale\" content=\"en_US\" \/>\n<meta property=\"og:type\" content=\"article\" \/>\n<meta property=\"og:title\" content=\"Sistem i izoluar me hapje SMARTIA S67 PHOS - Pikark\" \/>\n<meta property=\"og:description\" content=\"Sistem i izoluar me hapje SMARTIA S67 PHOS\" \/>\n<meta property=\"og:url\" content=\"https:\/\/pikark.com\/en\/product\/sistem-i-izoluar-me-hapje-smartia-s67-phos\/\" \/>\n<meta property=\"og:site_name\" content=\"Pikark\" \/>\n<meta property=\"article:publisher\" content=\"https:\/\/www.facebook.com\/pikark.al\" \/>\n<meta property=\"article:modified_time\" content=\"2021-04-19T11:53:02+00:00\" \/>\n<meta property=\"og:image\" content=\"https:\/\/pikark.com\/wp-content\/uploads\/2021\/04\/s67_mesogeiako_ultra-amea.tmb-864x468-1.jpg\" \/>\n\t<meta property=\"og:image:width\" content=\"882\" \/>\n\t<meta property=\"og:image:height\" content=\"496\" \/>\n\t<meta property=\"og:image:type\" content=\"image\/jpeg\" \/>\n<meta name=\"twitter:card\" content=\"summary_large_image\" \/>\n<meta name=\"twitter:label1\" content=\"Est. reading time\" \/>\n\t<meta name=\"twitter:data1\" content=\"1 minute\" \/>\n<script type=\"application\/ld+json\" class=\"yoast-schema-graph\">{\"@context\":\"https:\/\/schema.org\",\"@graph\":[{\"@type\":\"WebPage\",\"@id\":\"https:\/\/pikark.com\/en\/product\/sistem-i-izoluar-me-hapje-smartia-s67-phos\/\",\"url\":\"https:\/\/pikark.com\/en\/product\/sistem-i-izoluar-me-hapje-smartia-s67-phos\/\",\"name\":\"Sistem i izoluar me hapje SMARTIA S67 PHOS - Pikark\",\"isPartOf\":{\"@id\":\"https:\/\/pikark.com\/#website\"},\"datePublished\":\"2021-04-13T09:12:49+00:00\",\"dateModified\":\"2021-04-19T11:53:02+00:00\",\"breadcrumb\":{\"@id\":\"https:\/\/pikark.com\/en\/product\/sistem-i-izoluar-me-hapje-smartia-s67-phos\/#breadcrumb\"},\"inLanguage\":\"en-US\",\"potentialAction\":[{\"@type\":\"ReadAction\",\"target\":[\"https:\/\/pikark.com\/en\/product\/sistem-i-izoluar-me-hapje-smartia-s67-phos\/\"]}]},{\"@type\":\"BreadcrumbList\",\"@id\":\"https:\/\/pikark.com\/en\/product\/sistem-i-izoluar-me-hapje-smartia-s67-phos\/#breadcrumb\",\"itemListElement\":[{\"@type\":\"ListItem\",\"position\":1,\"name\":\"Home\",\"item\":\"https:\/\/pikark.com\/\"},{\"@type\":\"ListItem\",\"position\":2,\"name\":\"Shop\",\"item\":\"https:\/\/pikark.com\/en\/shop\/\"},{\"@type\":\"ListItem\",\"position\":3,\"name\":\"Sistem i izoluar me hapje SMARTIA S67 PHOS\"}]},{\"@type\":\"WebSite\",\"@id\":\"https:\/\/pikark.com\/#website\",\"url\":\"https:\/\/pikark.com\/\",\"name\":\"Pikark\",\"description\":\"Explore inspiring projects and find the right architects, brand &amp; manufacturers!\",\"publisher\":{\"@id\":\"https:\/\/pikark.com\/#organization\"},\"potentialAction\":[{\"@type\":\"SearchAction\",\"target\":{\"@type\":\"EntryPoint\",\"urlTemplate\":\"https:\/\/pikark.com\/?s={search_term_string}\"},\"query-input\":\"required name=search_term_string\"}],\"inLanguage\":\"en-US\"},{\"@type\":\"Organization\",\"@id\":\"https:\/\/pikark.com\/#organization\",\"name\":\"Pikark\",\"url\":\"https:\/\/pikark.com\/\",\"logo\":{\"@type\":\"ImageObject\",\"inLanguage\":\"en-US\",\"@id\":\"https:\/\/pikark.com\/#\/schema\/logo\/image\/\",\"url\":\"https:\/\/pikark.com\/wp-content\/uploads\/2020\/12\/LOGO_PIKARK-01-1.png\",\"contentUrl\":\"https:\/\/pikark.com\/wp-content\/uploads\/2020\/12\/LOGO_PIKARK-01-1.png\",\"width\":2362,\"height\":2362,\"caption\":\"Pikark\"},\"image\":{\"@id\":\"https:\/\/pikark.com\/#\/schema\/logo\/image\/\"},\"sameAs\":[\"https:\/\/www.facebook.com\/pikark.al\",\"https:\/\/www.instagram.com\/pik.ark\/\"]}]}<\/script>\n<!-- \/ Yoast SEO plugin. -->","yoast_head_json":{"title":"Sistem i izoluar me hapje SMARTIA S67 PHOS - Pikark","robots":{"index":"index","follow":"follow","max-snippet":"max-snippet:-1","max-image-preview":"max-image-preview:large","max-video-preview":"max-video-preview:-1"},"canonical":"https:\/\/pikark.com\/en\/product\/sistem-i-izoluar-me-hapje-smartia-s67-phos\/","og_locale":"en_US","og_type":"article","og_title":"Sistem i izoluar me hapje SMARTIA S67 PHOS - Pikark","og_description":"Sistem i izoluar me hapje SMARTIA S67 PHOS","og_url":"https:\/\/pikark.com\/en\/product\/sistem-i-izoluar-me-hapje-smartia-s67-phos\/","og_site_name":"Pikark","article_publisher":"https:\/\/www.facebook.com\/pikark.al","article_modified_time":"2021-04-19T11:53:02+00:00","og_image":[{"width":882,"height":496,"url":"https:\/\/pikark.com\/wp-content\/uploads\/2021\/04\/s67_mesogeiako_ultra-amea.tmb-864x468-1.jpg","type":"image\/jpeg"}],"twitter_card":"summary_large_image","twitter_misc":{"Est. reading time":"1 minute"},"schema":{"@context":"https:\/\/schema.org","@graph":[{"@type":"WebPage","@id":"https:\/\/pikark.com\/en\/product\/sistem-i-izoluar-me-hapje-smartia-s67-phos\/","url":"https:\/\/pikark.com\/en\/product\/sistem-i-izoluar-me-hapje-smartia-s67-phos\/","name":"Sistem i izoluar me hapje SMARTIA S67 PHOS - Pikark","isPartOf":{"@id":"https:\/\/pikark.com\/#website"},"datePublished":"2021-04-13T09:12:49+00:00","dateModified":"2021-04-19T11:53:02+00:00","breadcrumb":{"@id":"https:\/\/pikark.com\/en\/product\/sistem-i-izoluar-me-hapje-smartia-s67-phos\/#breadcrumb"},"inLanguage":"en-US","potentialAction":[{"@type":"ReadAction","target":["https:\/\/pikark.com\/en\/product\/sistem-i-izoluar-me-hapje-smartia-s67-phos\/"]}]},{"@type":"BreadcrumbList","@id":"https:\/\/pikark.com\/en\/product\/sistem-i-izoluar-me-hapje-smartia-s67-phos\/#breadcrumb","itemListElement":[{"@type":"ListItem","position":1,"name":"Home","item":"https:\/\/pikark.com\/"},{"@type":"ListItem","position":2,"name":"Shop","item":"https:\/\/pikark.com\/en\/shop\/"},{"@type":"ListItem","position":3,"name":"Sistem i izoluar me hapje SMARTIA S67 PHOS"}]},{"@type":"WebSite","@id":"https:\/\/pikark.com\/#website","url":"https:\/\/pikark.com\/","name":"Pikark","description":"Explore inspiring projects and find the right architects, brand &amp; manufacturers!","publisher":{"@id":"https:\/\/pikark.com\/#organization"},"potentialAction":[{"@type":"SearchAction","target":{"@type":"EntryPoint","urlTemplate":"https:\/\/pikark.com\/?s={search_term_string}"},"query-input":"required name=search_term_string"}],"inLanguage":"en-US"},{"@type":"Organization","@id":"https:\/\/pikark.com\/#organization","name":"Pikark","url":"https:\/\/pikark.com\/","logo":{"@type":"ImageObject","inLanguage":"en-US","@id":"https:\/\/pikark.com\/#\/schema\/logo\/image\/","url":"https:\/\/pikark.com\/wp-content\/uploads\/2020\/12\/LOGO_PIKARK-01-1.png","contentUrl":"https:\/\/pikark.com\/wp-content\/uploads\/2020\/12\/LOGO_PIKARK-01-1.png","width":2362,"height":2362,"caption":"Pikark"},"image":{"@id":"https:\/\/pikark.com\/#\/schema\/logo\/image\/"},"sameAs":["https:\/\/www.facebook.com\/pikark.al","https:\/\/www.instagram.com\/pik.ark\/"]}]}},"_links":{"self":[{"href":"https:\/\/pikark.com\/en\/wp-json\/wp\/v2\/product\/23143"}],"collection":[{"href":"https:\/\/pikark.com\/en\/wp-json\/wp\/v2\/product"}],"about":[{"href":"https:\/\/pikark.com\/en\/wp-json\/wp\/v2\/types\/product"}],"replies":[{"embeddable":true,"href":"https:\/\/pikark.com\/en\/wp-json\/wp\/v2\/comments?post=23143"}],"wp:featuredmedia":[{"embeddable":true,"href":"https:\/\/pikark.com\/en\/wp-json\/wp\/v2\/media\/23142"}],"wp:attachment":[{"href":"https:\/\/pikark.com\/en\/wp-json\/wp\/v2\/media?parent=23143"}],"wp:term":[{"taxonomy":"product_cat","embeddable":true,"href":"https:\/\/pikark.com\/en\/wp-json\/wp\/v2\/product_cat?post=23143"},{"taxonomy":"product_tag","embeddable":true,"href":"https:\/\/pikark.com\/en\/wp-json\/wp\/v2\/product_tag?post=23143"}],"curies":[{"name":"wp","href":"https:\/\/api.w.org\/{rel}","templated":true}]}}