{"id":23124,"date":"2021-04-13T08:50:38","date_gmt":"2021-04-13T08:50:38","guid":{"rendered":"https:\/\/pikark.com\/?post_type=product&#038;p=23124"},"modified":"2021-04-19T11:52:41","modified_gmt":"2021-04-19T11:52:41","slug":"sistemi-izoluar-i-dyerve-te-hyrjes-supreme-sd115","status":"publish","type":"product","link":"https:\/\/pikark.com\/en\/product\/sistemi-izoluar-i-dyerve-te-hyrjes-supreme-sd115\/","title":{"rendered":"Sistemi izoluar i dyerve t\u00eb hyrjes SUPREME SD115"},"content":{"rendered":"<p>ALUMIL krijon horizonte t\u00eb reja p\u00ebr dizajn modern rezidencial dhe industrial n\u00eb saj\u00eb t\u00eb dizajnit t\u00eb ri t\u00eb sistemit SUPREME SD115 Pivot q\u00eb ofron dyer jasht\u00ebzakonisht t\u00eb m\u00ebdha hyr\u00ebse p\u00ebr nj\u00eb rezultat estetik t\u00eb jasht\u00ebzakonsh\u00ebm me nj\u00eb dizajn t\u00eb past\u00ebr, minimal dhe sip\u00ebrfaqe koplanare. Sistemi SUPREME SD115 Pivot siguron nj\u00eb ndjenj\u00eb t\u00eb re t\u00eb ndri\u00e7imit dhe lidhjes mes mjediseve t\u00eb brendshme dhe t\u00eb jashtme, duke e b\u00ebr\u00eb sistemin unik n\u00eb koncept dhe dizajn. Dizajni inovativ i sistemit, s\u00eb bashku me pajisjet m\u00eb t\u00eb fundit, sigurojn\u00eb parakushtet p\u00ebr dyert hyr\u00ebse prestigjioze me estetik\u00eb t\u00eb lart\u00eb, cil\u00ebsi t\u00eb jasht\u00ebzakonshme dhe performanc\u00eb t\u00eb shk\u00eblqyer n\u00eb aspektin e siguris\u00eb, izolimit dhe funksionalitetit.<\/p>\n","protected":false},"excerpt":{"rendered":"<p>Sistem i izoluar i dyerve t\u00eb hyrjes SUPREME SD115<\/p>\n","protected":false},"featured_media":23123,"comment_status":"open","ping_status":"closed","template":"","meta":[],"product_cat":[715],"product_tag":[805,806,807],"yoast_head":"<!-- This site is optimized with the Yoast SEO plugin v21.7 - https:\/\/yoast.com\/wordpress\/plugins\/seo\/ -->\n<title>Sistemi izoluar i dyerve t\u00eb hyrjes SUPREME SD115 - Pikark<\/title>\n<meta name=\"robots\" content=\"index, follow, max-snippet:-1, max-image-preview:large, max-video-preview:-1\" \/>\n<link rel=\"canonical\" href=\"https:\/\/pikark.com\/en\/product\/sistemi-izoluar-i-dyerve-te-hyrjes-supreme-sd115\/\" \/>\n<meta property=\"og:locale\" content=\"en_US\" \/>\n<meta property=\"og:type\" content=\"article\" \/>\n<meta property=\"og:title\" content=\"Sistemi izoluar i dyerve t\u00eb hyrjes SUPREME SD115 - Pikark\" \/>\n<meta property=\"og:description\" content=\"Sistem i izoluar i dyerve t\u00eb hyrjes SUPREME SD115\" \/>\n<meta property=\"og:url\" content=\"https:\/\/pikark.com\/en\/product\/sistemi-izoluar-i-dyerve-te-hyrjes-supreme-sd115\/\" \/>\n<meta property=\"og:site_name\" content=\"Pikark\" \/>\n<meta property=\"article:publisher\" content=\"https:\/\/www.facebook.com\/pikark.al\" \/>\n<meta property=\"article:modified_time\" content=\"2021-04-19T11:52:41+00:00\" \/>\n<meta property=\"og:image\" content=\"https:\/\/pikark.com\/wp-content\/uploads\/2021\/04\/zenpivot_carbon_lifestyle.tmb-864x468-1.jpg\" \/>\n\t<meta property=\"og:image:width\" content=\"882\" \/>\n\t<meta property=\"og:image:height\" content=\"496\" \/>\n\t<meta property=\"og:image:type\" content=\"image\/jpeg\" \/>\n<meta name=\"twitter:card\" content=\"summary_large_image\" \/>\n<meta name=\"twitter:label1\" content=\"Est. reading time\" \/>\n\t<meta name=\"twitter:data1\" content=\"1 minute\" \/>\n<script type=\"application\/ld+json\" class=\"yoast-schema-graph\">{\"@context\":\"https:\/\/schema.org\",\"@graph\":[{\"@type\":\"WebPage\",\"@id\":\"https:\/\/pikark.com\/en\/product\/sistemi-izoluar-i-dyerve-te-hyrjes-supreme-sd115\/\",\"url\":\"https:\/\/pikark.com\/en\/product\/sistemi-izoluar-i-dyerve-te-hyrjes-supreme-sd115\/\",\"name\":\"Sistemi izoluar i dyerve t\u00eb hyrjes SUPREME SD115 - Pikark\",\"isPartOf\":{\"@id\":\"https:\/\/pikark.com\/#website\"},\"datePublished\":\"2021-04-13T08:50:38+00:00\",\"dateModified\":\"2021-04-19T11:52:41+00:00\",\"breadcrumb\":{\"@id\":\"https:\/\/pikark.com\/en\/product\/sistemi-izoluar-i-dyerve-te-hyrjes-supreme-sd115\/#breadcrumb\"},\"inLanguage\":\"en-US\",\"potentialAction\":[{\"@type\":\"ReadAction\",\"target\":[\"https:\/\/pikark.com\/en\/product\/sistemi-izoluar-i-dyerve-te-hyrjes-supreme-sd115\/\"]}]},{\"@type\":\"BreadcrumbList\",\"@id\":\"https:\/\/pikark.com\/en\/product\/sistemi-izoluar-i-dyerve-te-hyrjes-supreme-sd115\/#breadcrumb\",\"itemListElement\":[{\"@type\":\"ListItem\",\"position\":1,\"name\":\"Home\",\"item\":\"https:\/\/pikark.com\/\"},{\"@type\":\"ListItem\",\"position\":2,\"name\":\"Shop\",\"item\":\"https:\/\/pikark.com\/en\/shop\/\"},{\"@type\":\"ListItem\",\"position\":3,\"name\":\"Sistemi izoluar i dyerve t\u00eb hyrjes SUPREME SD115\"}]},{\"@type\":\"WebSite\",\"@id\":\"https:\/\/pikark.com\/#website\",\"url\":\"https:\/\/pikark.com\/\",\"name\":\"Pikark\",\"description\":\"Explore inspiring projects and find the right architects, brand &amp; manufacturers!\",\"publisher\":{\"@id\":\"https:\/\/pikark.com\/#organization\"},\"potentialAction\":[{\"@type\":\"SearchAction\",\"target\":{\"@type\":\"EntryPoint\",\"urlTemplate\":\"https:\/\/pikark.com\/?s={search_term_string}\"},\"query-input\":\"required name=search_term_string\"}],\"inLanguage\":\"en-US\"},{\"@type\":\"Organization\",\"@id\":\"https:\/\/pikark.com\/#organization\",\"name\":\"Pikark\",\"url\":\"https:\/\/pikark.com\/\",\"logo\":{\"@type\":\"ImageObject\",\"inLanguage\":\"en-US\",\"@id\":\"https:\/\/pikark.com\/#\/schema\/logo\/image\/\",\"url\":\"https:\/\/pikark.com\/wp-content\/uploads\/2020\/12\/LOGO_PIKARK-01-1.png\",\"contentUrl\":\"https:\/\/pikark.com\/wp-content\/uploads\/2020\/12\/LOGO_PIKARK-01-1.png\",\"width\":2362,\"height\":2362,\"caption\":\"Pikark\"},\"image\":{\"@id\":\"https:\/\/pikark.com\/#\/schema\/logo\/image\/\"},\"sameAs\":[\"https:\/\/www.facebook.com\/pikark.al\",\"https:\/\/www.instagram.com\/pik.ark\/\"]}]}<\/script>\n<!-- \/ Yoast SEO plugin. -->","yoast_head_json":{"title":"Sistemi izoluar i dyerve t\u00eb hyrjes SUPREME SD115 - Pikark","robots":{"index":"index","follow":"follow","max-snippet":"max-snippet:-1","max-image-preview":"max-image-preview:large","max-video-preview":"max-video-preview:-1"},"canonical":"https:\/\/pikark.com\/en\/product\/sistemi-izoluar-i-dyerve-te-hyrjes-supreme-sd115\/","og_locale":"en_US","og_type":"article","og_title":"Sistemi izoluar i dyerve t\u00eb hyrjes SUPREME SD115 - Pikark","og_description":"Sistem i izoluar i dyerve t\u00eb hyrjes SUPREME SD115","og_url":"https:\/\/pikark.com\/en\/product\/sistemi-izoluar-i-dyerve-te-hyrjes-supreme-sd115\/","og_site_name":"Pikark","article_publisher":"https:\/\/www.facebook.com\/pikark.al","article_modified_time":"2021-04-19T11:52:41+00:00","og_image":[{"width":882,"height":496,"url":"https:\/\/pikark.com\/wp-content\/uploads\/2021\/04\/zenpivot_carbon_lifestyle.tmb-864x468-1.jpg","type":"image\/jpeg"}],"twitter_card":"summary_large_image","twitter_misc":{"Est. reading time":"1 minute"},"schema":{"@context":"https:\/\/schema.org","@graph":[{"@type":"WebPage","@id":"https:\/\/pikark.com\/en\/product\/sistemi-izoluar-i-dyerve-te-hyrjes-supreme-sd115\/","url":"https:\/\/pikark.com\/en\/product\/sistemi-izoluar-i-dyerve-te-hyrjes-supreme-sd115\/","name":"Sistemi izoluar i dyerve t\u00eb hyrjes SUPREME SD115 - Pikark","isPartOf":{"@id":"https:\/\/pikark.com\/#website"},"datePublished":"2021-04-13T08:50:38+00:00","dateModified":"2021-04-19T11:52:41+00:00","breadcrumb":{"@id":"https:\/\/pikark.com\/en\/product\/sistemi-izoluar-i-dyerve-te-hyrjes-supreme-sd115\/#breadcrumb"},"inLanguage":"en-US","potentialAction":[{"@type":"ReadAction","target":["https:\/\/pikark.com\/en\/product\/sistemi-izoluar-i-dyerve-te-hyrjes-supreme-sd115\/"]}]},{"@type":"BreadcrumbList","@id":"https:\/\/pikark.com\/en\/product\/sistemi-izoluar-i-dyerve-te-hyrjes-supreme-sd115\/#breadcrumb","itemListElement":[{"@type":"ListItem","position":1,"name":"Home","item":"https:\/\/pikark.com\/"},{"@type":"ListItem","position":2,"name":"Shop","item":"https:\/\/pikark.com\/en\/shop\/"},{"@type":"ListItem","position":3,"name":"Sistemi izoluar i dyerve t\u00eb hyrjes SUPREME SD115"}]},{"@type":"WebSite","@id":"https:\/\/pikark.com\/#website","url":"https:\/\/pikark.com\/","name":"Pikark","description":"Explore inspiring projects and find the right architects, brand &amp; manufacturers!","publisher":{"@id":"https:\/\/pikark.com\/#organization"},"potentialAction":[{"@type":"SearchAction","target":{"@type":"EntryPoint","urlTemplate":"https:\/\/pikark.com\/?s={search_term_string}"},"query-input":"required name=search_term_string"}],"inLanguage":"en-US"},{"@type":"Organization","@id":"https:\/\/pikark.com\/#organization","name":"Pikark","url":"https:\/\/pikark.com\/","logo":{"@type":"ImageObject","inLanguage":"en-US","@id":"https:\/\/pikark.com\/#\/schema\/logo\/image\/","url":"https:\/\/pikark.com\/wp-content\/uploads\/2020\/12\/LOGO_PIKARK-01-1.png","contentUrl":"https:\/\/pikark.com\/wp-content\/uploads\/2020\/12\/LOGO_PIKARK-01-1.png","width":2362,"height":2362,"caption":"Pikark"},"image":{"@id":"https:\/\/pikark.com\/#\/schema\/logo\/image\/"},"sameAs":["https:\/\/www.facebook.com\/pikark.al","https:\/\/www.instagram.com\/pik.ark\/"]}]}},"_links":{"self":[{"href":"https:\/\/pikark.com\/en\/wp-json\/wp\/v2\/product\/23124"}],"collection":[{"href":"https:\/\/pikark.com\/en\/wp-json\/wp\/v2\/product"}],"about":[{"href":"https:\/\/pikark.com\/en\/wp-json\/wp\/v2\/types\/product"}],"replies":[{"embeddable":true,"href":"https:\/\/pikark.com\/en\/wp-json\/wp\/v2\/comments?post=23124"}],"wp:featuredmedia":[{"embeddable":true,"href":"https:\/\/pikark.com\/en\/wp-json\/wp\/v2\/media\/23123"}],"wp:attachment":[{"href":"https:\/\/pikark.com\/en\/wp-json\/wp\/v2\/media?parent=23124"}],"wp:term":[{"taxonomy":"product_cat","embeddable":true,"href":"https:\/\/pikark.com\/en\/wp-json\/wp\/v2\/product_cat?post=23124"},{"taxonomy":"product_tag","embeddable":true,"href":"https:\/\/pikark.com\/en\/wp-json\/wp\/v2\/product_tag?post=23124"}],"curies":[{"name":"wp","href":"https:\/\/api.w.org\/{rel}","templated":true}]}}