{"id":23122,"date":"2021-04-13T08:41:48","date_gmt":"2021-04-13T08:41:48","guid":{"rendered":"https:\/\/pikark.com\/?post_type=product&#038;p=23122"},"modified":"2024-03-16T20:11:57","modified_gmt":"2024-03-16T20:11:57","slug":"sistem-i-izoluar-per-dyer-smartia-md67","status":"publish","type":"product","link":"https:\/\/pikark.com\/en\/product\/sistem-i-izoluar-per-dyer-smartia-md67\/","title":{"rendered":"Sistem I izoluar p\u00ebr dyer hyr\u00ebse SMARTIA MD67"},"content":{"rendered":"<p>SMARTIA MD67 \u00ebsht\u00eb sistemi i ri i ALUMIL, i cili dallohet p\u00ebr cil\u00ebsin\u00eb e dyerve kryesore t\u00eb hyrjes. Dallohet p\u00ebr dizajnin e tij modern dhe performanc\u00ebn e tij t\u00eb lart\u00eb, sistemi siguron aft\u00ebsin\u00eb p\u00ebr t\u00eb krijuar dyer hyr\u00ebse me panele ose mbushje xhami. Dizajni i ve\u00e7ant\u00eb koplanar n\u00eb t\u00eb dy an\u00ebt siguron dyer hyr\u00ebse t\u00eb ve\u00e7anta e me vler\u00eb t\u00eb jasht\u00ebzakonshme estetike. Avantazhet : Kursimi maksimal i energjis\u00eb fal\u00eb efikasitetit t\u00eb jasht\u00ebzakonsh\u00ebm t\u00eb energjis\u00eb Niveli i lart\u00eb i siguris\u00eb Dizajn modern Leht\u00ebsia e aksesit sipas specifikimeve p\u00ebr njer\u00ebzit me nevoja t\u00eb ve\u00e7anta dhe f\u00ebmij\u00ebt Izolim i jasht\u00ebzakonsh\u00ebm akustik Leht\u00ebsia e p\u00ebrdorimit dhe funksionaliteti i lart\u00eb Cil\u00ebsi e jasht\u00ebzakonshme me performanca t\u00eb certifikuara<\/p>\n","protected":false},"excerpt":{"rendered":"<p>Sistem i izoluar per dyer hyr\u00ebse SMARTIA MD67<\/p>\n","protected":false},"featured_media":23121,"comment_status":"open","ping_status":"closed","template":"","meta":[],"product_cat":[715],"product_tag":[805,806,807],"yoast_head":"<!-- This site is optimized with the Yoast SEO plugin v21.7 - https:\/\/yoast.com\/wordpress\/plugins\/seo\/ -->\n<title>Sistem I izoluar p\u00ebr dyer hyr\u00ebse SMARTIA MD67 - Pikark<\/title>\n<meta name=\"description\" content=\"SMARTIA MD67 \u00ebsht\u00eb sistemi i ri i ALUMIL, i cili dallohet p\u00ebr cil\u00ebsin\u00eb e dyerve kryesore t\u00eb hyrjes. Dizajnin modern dhe performanc\u00eb t\u00eb lart\u00eb\" \/>\n<meta name=\"robots\" content=\"index, follow, max-snippet:-1, max-image-preview:large, max-video-preview:-1\" \/>\n<link rel=\"canonical\" href=\"https:\/\/pikark.com\/product\/sistem-i-izoluar-per-dyer-smartia-md67\/\" \/>\n<meta property=\"og:locale\" content=\"en_US\" \/>\n<meta property=\"og:type\" content=\"article\" \/>\n<meta property=\"og:title\" content=\"Sistem I izoluar p\u00ebr dyer hyr\u00ebse SMARTIA MD67 - Pikark\" \/>\n<meta property=\"og:description\" content=\"SMARTIA MD67 \u00ebsht\u00eb sistemi i ri i ALUMIL, i cili dallohet p\u00ebr cil\u00ebsin\u00eb e dyerve kryesore t\u00eb hyrjes. Dizajnin modern dhe performanc\u00eb t\u00eb lart\u00eb\" \/>\n<meta property=\"og:url\" content=\"https:\/\/pikark.com\/product\/sistem-i-izoluar-per-dyer-smartia-md67\/\" \/>\n<meta property=\"og:site_name\" content=\"Pikark\" \/>\n<meta property=\"article:publisher\" content=\"https:\/\/www.facebook.com\/pikark.al\" \/>\n<meta property=\"article:modified_time\" content=\"2024-03-16T20:11:57+00:00\" \/>\n<meta property=\"og:image\" content=\"https:\/\/pikark.com\/wp-content\/uploads\/2021\/04\/md67-fin.jpg\" \/>\n\t<meta property=\"og:image:width\" content=\"882\" \/>\n\t<meta property=\"og:image:height\" content=\"496\" \/>\n\t<meta property=\"og:image:type\" content=\"image\/jpeg\" \/>\n<meta name=\"twitter:card\" content=\"summary_large_image\" \/>\n<meta name=\"twitter:label1\" content=\"Est. reading time\" \/>\n\t<meta name=\"twitter:data1\" content=\"1 minute\" \/>\n<script type=\"application\/ld+json\" class=\"yoast-schema-graph\">{\"@context\":\"https:\/\/schema.org\",\"@graph\":[{\"@type\":\"WebPage\",\"@id\":\"https:\/\/pikark.com\/product\/sistem-i-izoluar-per-dyer-smartia-md67\/\",\"url\":\"https:\/\/pikark.com\/product\/sistem-i-izoluar-per-dyer-smartia-md67\/\",\"name\":\"Sistem I izoluar p\u00ebr dyer hyr\u00ebse SMARTIA MD67 - Pikark\",\"isPartOf\":{\"@id\":\"https:\/\/pikark.com\/#website\"},\"datePublished\":\"2021-04-13T08:41:48+00:00\",\"dateModified\":\"2024-03-16T20:11:57+00:00\",\"description\":\"SMARTIA MD67 \u00ebsht\u00eb sistemi i ri i ALUMIL, i cili dallohet p\u00ebr cil\u00ebsin\u00eb e dyerve kryesore t\u00eb hyrjes. Dizajnin modern dhe performanc\u00eb t\u00eb lart\u00eb\",\"breadcrumb\":{\"@id\":\"https:\/\/pikark.com\/product\/sistem-i-izoluar-per-dyer-smartia-md67\/#breadcrumb\"},\"inLanguage\":\"en-US\",\"potentialAction\":[{\"@type\":\"ReadAction\",\"target\":[\"https:\/\/pikark.com\/product\/sistem-i-izoluar-per-dyer-smartia-md67\/\"]}]},{\"@type\":\"BreadcrumbList\",\"@id\":\"https:\/\/pikark.com\/product\/sistem-i-izoluar-per-dyer-smartia-md67\/#breadcrumb\",\"itemListElement\":[{\"@type\":\"ListItem\",\"position\":1,\"name\":\"Home\",\"item\":\"https:\/\/pikark.com\/\"},{\"@type\":\"ListItem\",\"position\":2,\"name\":\"Shop\",\"item\":\"https:\/\/pikark.com\/en\/shop\/\"},{\"@type\":\"ListItem\",\"position\":3,\"name\":\"Sistem I izoluar p\u00ebr dyer hyr\u00ebse SMARTIA MD67\"}]},{\"@type\":\"WebSite\",\"@id\":\"https:\/\/pikark.com\/#website\",\"url\":\"https:\/\/pikark.com\/\",\"name\":\"Pikark\",\"description\":\"Explore inspiring projects and find the right architects, brand &amp; manufacturers!\",\"publisher\":{\"@id\":\"https:\/\/pikark.com\/#organization\"},\"potentialAction\":[{\"@type\":\"SearchAction\",\"target\":{\"@type\":\"EntryPoint\",\"urlTemplate\":\"https:\/\/pikark.com\/?s={search_term_string}\"},\"query-input\":\"required name=search_term_string\"}],\"inLanguage\":\"en-US\"},{\"@type\":\"Organization\",\"@id\":\"https:\/\/pikark.com\/#organization\",\"name\":\"Pikark\",\"url\":\"https:\/\/pikark.com\/\",\"logo\":{\"@type\":\"ImageObject\",\"inLanguage\":\"en-US\",\"@id\":\"https:\/\/pikark.com\/#\/schema\/logo\/image\/\",\"url\":\"https:\/\/pikark.com\/wp-content\/uploads\/2020\/12\/LOGO_PIKARK-01-1.png\",\"contentUrl\":\"https:\/\/pikark.com\/wp-content\/uploads\/2020\/12\/LOGO_PIKARK-01-1.png\",\"width\":2362,\"height\":2362,\"caption\":\"Pikark\"},\"image\":{\"@id\":\"https:\/\/pikark.com\/#\/schema\/logo\/image\/\"},\"sameAs\":[\"https:\/\/www.facebook.com\/pikark.al\",\"https:\/\/www.instagram.com\/pik.ark\/\"]}]}<\/script>\n<!-- \/ Yoast SEO plugin. -->","yoast_head_json":{"title":"Sistem I izoluar p\u00ebr dyer hyr\u00ebse SMARTIA MD67 - Pikark","description":"SMARTIA MD67 \u00ebsht\u00eb sistemi i ri i ALUMIL, i cili dallohet p\u00ebr cil\u00ebsin\u00eb e dyerve kryesore t\u00eb hyrjes. Dizajnin modern dhe performanc\u00eb t\u00eb lart\u00eb","robots":{"index":"index","follow":"follow","max-snippet":"max-snippet:-1","max-image-preview":"max-image-preview:large","max-video-preview":"max-video-preview:-1"},"canonical":"https:\/\/pikark.com\/product\/sistem-i-izoluar-per-dyer-smartia-md67\/","og_locale":"en_US","og_type":"article","og_title":"Sistem I izoluar p\u00ebr dyer hyr\u00ebse SMARTIA MD67 - Pikark","og_description":"SMARTIA MD67 \u00ebsht\u00eb sistemi i ri i ALUMIL, i cili dallohet p\u00ebr cil\u00ebsin\u00eb e dyerve kryesore t\u00eb hyrjes. Dizajnin modern dhe performanc\u00eb t\u00eb lart\u00eb","og_url":"https:\/\/pikark.com\/product\/sistem-i-izoluar-per-dyer-smartia-md67\/","og_site_name":"Pikark","article_publisher":"https:\/\/www.facebook.com\/pikark.al","article_modified_time":"2024-03-16T20:11:57+00:00","og_image":[{"width":882,"height":496,"url":"https:\/\/pikark.com\/wp-content\/uploads\/2021\/04\/md67-fin.jpg","type":"image\/jpeg"}],"twitter_card":"summary_large_image","twitter_misc":{"Est. reading time":"1 minute"},"schema":{"@context":"https:\/\/schema.org","@graph":[{"@type":"WebPage","@id":"https:\/\/pikark.com\/product\/sistem-i-izoluar-per-dyer-smartia-md67\/","url":"https:\/\/pikark.com\/product\/sistem-i-izoluar-per-dyer-smartia-md67\/","name":"Sistem I izoluar p\u00ebr dyer hyr\u00ebse SMARTIA MD67 - Pikark","isPartOf":{"@id":"https:\/\/pikark.com\/#website"},"datePublished":"2021-04-13T08:41:48+00:00","dateModified":"2024-03-16T20:11:57+00:00","description":"SMARTIA MD67 \u00ebsht\u00eb sistemi i ri i ALUMIL, i cili dallohet p\u00ebr cil\u00ebsin\u00eb e dyerve kryesore t\u00eb hyrjes. Dizajnin modern dhe performanc\u00eb t\u00eb lart\u00eb","breadcrumb":{"@id":"https:\/\/pikark.com\/product\/sistem-i-izoluar-per-dyer-smartia-md67\/#breadcrumb"},"inLanguage":"en-US","potentialAction":[{"@type":"ReadAction","target":["https:\/\/pikark.com\/product\/sistem-i-izoluar-per-dyer-smartia-md67\/"]}]},{"@type":"BreadcrumbList","@id":"https:\/\/pikark.com\/product\/sistem-i-izoluar-per-dyer-smartia-md67\/#breadcrumb","itemListElement":[{"@type":"ListItem","position":1,"name":"Home","item":"https:\/\/pikark.com\/"},{"@type":"ListItem","position":2,"name":"Shop","item":"https:\/\/pikark.com\/en\/shop\/"},{"@type":"ListItem","position":3,"name":"Sistem I izoluar p\u00ebr dyer hyr\u00ebse SMARTIA MD67"}]},{"@type":"WebSite","@id":"https:\/\/pikark.com\/#website","url":"https:\/\/pikark.com\/","name":"Pikark","description":"Explore inspiring projects and find the right architects, brand &amp; manufacturers!","publisher":{"@id":"https:\/\/pikark.com\/#organization"},"potentialAction":[{"@type":"SearchAction","target":{"@type":"EntryPoint","urlTemplate":"https:\/\/pikark.com\/?s={search_term_string}"},"query-input":"required name=search_term_string"}],"inLanguage":"en-US"},{"@type":"Organization","@id":"https:\/\/pikark.com\/#organization","name":"Pikark","url":"https:\/\/pikark.com\/","logo":{"@type":"ImageObject","inLanguage":"en-US","@id":"https:\/\/pikark.com\/#\/schema\/logo\/image\/","url":"https:\/\/pikark.com\/wp-content\/uploads\/2020\/12\/LOGO_PIKARK-01-1.png","contentUrl":"https:\/\/pikark.com\/wp-content\/uploads\/2020\/12\/LOGO_PIKARK-01-1.png","width":2362,"height":2362,"caption":"Pikark"},"image":{"@id":"https:\/\/pikark.com\/#\/schema\/logo\/image\/"},"sameAs":["https:\/\/www.facebook.com\/pikark.al","https:\/\/www.instagram.com\/pik.ark\/"]}]}},"_links":{"self":[{"href":"https:\/\/pikark.com\/en\/wp-json\/wp\/v2\/product\/23122"}],"collection":[{"href":"https:\/\/pikark.com\/en\/wp-json\/wp\/v2\/product"}],"about":[{"href":"https:\/\/pikark.com\/en\/wp-json\/wp\/v2\/types\/product"}],"replies":[{"embeddable":true,"href":"https:\/\/pikark.com\/en\/wp-json\/wp\/v2\/comments?post=23122"}],"wp:featuredmedia":[{"embeddable":true,"href":"https:\/\/pikark.com\/en\/wp-json\/wp\/v2\/media\/23121"}],"wp:attachment":[{"href":"https:\/\/pikark.com\/en\/wp-json\/wp\/v2\/media?parent=23122"}],"wp:term":[{"taxonomy":"product_cat","embeddable":true,"href":"https:\/\/pikark.com\/en\/wp-json\/wp\/v2\/product_cat?post=23122"},{"taxonomy":"product_tag","embeddable":true,"href":"https:\/\/pikark.com\/en\/wp-json\/wp\/v2\/product_tag?post=23122"}],"curies":[{"name":"wp","href":"https:\/\/api.w.org\/{rel}","templated":true}]}}