{"id":23074,"date":"2021-04-12T14:14:08","date_gmt":"2021-04-12T14:14:08","guid":{"rendered":"https:\/\/pikark.com\/?post_type=product&#038;p=23074"},"modified":"2021-04-19T07:30:45","modified_gmt":"2021-04-19T07:30:45","slug":"sistem-me-hapje-i-izoluar-supreme-s77-phos","status":"publish","type":"product","link":"https:\/\/pikark.com\/en\/product\/sistem-me-hapje-i-izoluar-supreme-s77-phos\/","title":{"rendered":"Sistem me hapje i izoluar SUPREME S77 PHOS"},"content":{"rendered":"<p>Sistemi SUPREME S77 PHOS ofron alternativ\u00eb p\u00ebr kornizat me kanat dhe fashatur\u00eb t\u00eb fshehur. Ky version \u00ebsht\u00eb ideal p\u00ebr maksimizimin e drit\u00ebs natyrale fal\u00eb reduktimit t\u00eb gjer\u00ebsis\u00eb s\u00eb aluminit t\u00eb duksh\u00ebm. Sistemi ofron performanc\u00eb t\u00eb lart\u00eb t\u00eb izolimit termik dhe t\u00eb p\u00ebrshkimit t\u00eb ujit, t\u00eb cilat bashk\u00eb me izolimin akustik e b\u00ebjn\u00eb at\u00eb ideal p\u00ebr projekte t\u00eb m\u00ebdha.<\/p>\n","protected":false},"excerpt":{"rendered":"<p>Avantazhet : Kursim i lart\u00eb i energjis\u00eb fal\u00eb performanc\u00ebs s\u00eb jasht\u00ebzakonshme termike Drit\u00eb e p\u00ebrmir\u00ebsuar natyrale n\u00eb saj\u00eb t\u00eb dizajnit minimal t\u00eb sistemit Leht\u00ebsia e p\u00ebrdorimit dhe funksionaliteti i lart\u00eb Niveli i siguris\u00eb s\u00eb lart\u00eb Izolim i jasht\u00ebzakonsh\u00ebm akustik Dizajn modern Leht\u00ebsi aksesi sipas specifikimeve p\u00ebr personat me nevoja t\u00eb ve\u00e7anta dhe f\u00ebmij\u00ebt S hum\u00ebllojshm\u00ebri e gjer\u00eb e tipologjive dhe zgjidhjeve Cil\u00ebsi e jasht\u00ebzakonshme me p\u00ebrformanc\u00eb t\u00eb certifikuar Rritja e ngarkesave statike dhe funksionaliteti n\u00eb rast t\u00eb kushteve t\u00eb r\u00ebnda t\u00eb motit<\/p>\n","protected":false},"featured_media":23075,"comment_status":"open","ping_status":"closed","template":"","meta":[],"product_cat":[715],"product_tag":[805,806,807,808],"yoast_head":"<!-- This site is optimized with the Yoast SEO plugin v21.7 - https:\/\/yoast.com\/wordpress\/plugins\/seo\/ -->\n<title>Sistem me hapje i izoluar SUPREME S77 PHOS - Pikark<\/title>\n<meta name=\"robots\" content=\"index, follow, max-snippet:-1, max-image-preview:large, max-video-preview:-1\" \/>\n<link rel=\"canonical\" href=\"https:\/\/pikark.com\/product\/sistem-me-hapje-i-izoluar-supreme-s77-phos\/\" \/>\n<meta property=\"og:locale\" content=\"en_US\" \/>\n<meta property=\"og:type\" content=\"article\" \/>\n<meta property=\"og:title\" content=\"Sistem me hapje i izoluar SUPREME S77 PHOS - Pikark\" \/>\n<meta property=\"og:description\" content=\"Avantazhet : Kursim i lart\u00eb i energjis\u00eb fal\u00eb performanc\u00ebs s\u00eb jasht\u00ebzakonshme termike Drit\u00eb e p\u00ebrmir\u00ebsuar natyrale n\u00eb saj\u00eb t\u00eb dizajnit minimal t\u00eb sistemit Leht\u00ebsia e p\u00ebrdorimit dhe funksionaliteti i lart\u00eb Niveli i siguris\u00eb s\u00eb lart\u00eb Izolim i jasht\u00ebzakonsh\u00ebm akustik Dizajn modern Leht\u00ebsi aksesi sipas specifikimeve p\u00ebr personat me nevoja t\u00eb ve\u00e7anta dhe f\u00ebmij\u00ebt S hum\u00ebllojshm\u00ebri e gjer\u00eb e tipologjive dhe zgjidhjeve Cil\u00ebsi e jasht\u00ebzakonshme me p\u00ebrformanc\u00eb t\u00eb certifikuar Rritja e ngarkesave statike dhe funksionaliteti n\u00eb rast t\u00eb kushteve t\u00eb r\u00ebnda t\u00eb motit\" \/>\n<meta property=\"og:url\" content=\"https:\/\/pikark.com\/product\/sistem-me-hapje-i-izoluar-supreme-s77-phos\/\" \/>\n<meta property=\"og:site_name\" content=\"Pikark\" \/>\n<meta property=\"article:publisher\" content=\"https:\/\/www.facebook.com\/pikark.al\" \/>\n<meta property=\"article:modified_time\" content=\"2021-04-19T07:30:45+00:00\" \/>\n<meta property=\"og:image\" content=\"https:\/\/pikark.com\/wp-content\/uploads\/2021\/04\/s60_5.jpg\" \/>\n\t<meta property=\"og:image:width\" content=\"620\" \/>\n\t<meta property=\"og:image:height\" content=\"380\" \/>\n\t<meta property=\"og:image:type\" content=\"image\/jpeg\" \/>\n<meta name=\"twitter:card\" content=\"summary_large_image\" \/>\n<script type=\"application\/ld+json\" class=\"yoast-schema-graph\">{\"@context\":\"https:\/\/schema.org\",\"@graph\":[{\"@type\":\"WebPage\",\"@id\":\"https:\/\/pikark.com\/product\/sistem-me-hapje-i-izoluar-supreme-s77-phos\/\",\"url\":\"https:\/\/pikark.com\/product\/sistem-me-hapje-i-izoluar-supreme-s77-phos\/\",\"name\":\"Sistem me hapje i izoluar SUPREME S77 PHOS - Pikark\",\"isPartOf\":{\"@id\":\"https:\/\/pikark.com\/#website\"},\"datePublished\":\"2021-04-12T14:14:08+00:00\",\"dateModified\":\"2021-04-19T07:30:45+00:00\",\"breadcrumb\":{\"@id\":\"https:\/\/pikark.com\/product\/sistem-me-hapje-i-izoluar-supreme-s77-phos\/#breadcrumb\"},\"inLanguage\":\"en-US\",\"potentialAction\":[{\"@type\":\"ReadAction\",\"target\":[\"https:\/\/pikark.com\/product\/sistem-me-hapje-i-izoluar-supreme-s77-phos\/\"]}]},{\"@type\":\"BreadcrumbList\",\"@id\":\"https:\/\/pikark.com\/product\/sistem-me-hapje-i-izoluar-supreme-s77-phos\/#breadcrumb\",\"itemListElement\":[{\"@type\":\"ListItem\",\"position\":1,\"name\":\"Home\",\"item\":\"https:\/\/pikark.com\/\"},{\"@type\":\"ListItem\",\"position\":2,\"name\":\"Shop\",\"item\":\"https:\/\/pikark.com\/en\/shop\/\"},{\"@type\":\"ListItem\",\"position\":3,\"name\":\"Sistem me hapje i izoluar SUPREME S77 PHOS\"}]},{\"@type\":\"WebSite\",\"@id\":\"https:\/\/pikark.com\/#website\",\"url\":\"https:\/\/pikark.com\/\",\"name\":\"Pikark\",\"description\":\"Explore inspiring projects and find the right architects, brand &amp; manufacturers!\",\"publisher\":{\"@id\":\"https:\/\/pikark.com\/#organization\"},\"potentialAction\":[{\"@type\":\"SearchAction\",\"target\":{\"@type\":\"EntryPoint\",\"urlTemplate\":\"https:\/\/pikark.com\/?s={search_term_string}\"},\"query-input\":\"required name=search_term_string\"}],\"inLanguage\":\"en-US\"},{\"@type\":\"Organization\",\"@id\":\"https:\/\/pikark.com\/#organization\",\"name\":\"Pikark\",\"url\":\"https:\/\/pikark.com\/\",\"logo\":{\"@type\":\"ImageObject\",\"inLanguage\":\"en-US\",\"@id\":\"https:\/\/pikark.com\/#\/schema\/logo\/image\/\",\"url\":\"https:\/\/pikark.com\/wp-content\/uploads\/2020\/12\/LOGO_PIKARK-01-1.png\",\"contentUrl\":\"https:\/\/pikark.com\/wp-content\/uploads\/2020\/12\/LOGO_PIKARK-01-1.png\",\"width\":2362,\"height\":2362,\"caption\":\"Pikark\"},\"image\":{\"@id\":\"https:\/\/pikark.com\/#\/schema\/logo\/image\/\"},\"sameAs\":[\"https:\/\/www.facebook.com\/pikark.al\",\"https:\/\/www.instagram.com\/pik.ark\/\"]}]}<\/script>\n<!-- \/ Yoast SEO plugin. -->","yoast_head_json":{"title":"Sistem me hapje i izoluar SUPREME S77 PHOS - Pikark","robots":{"index":"index","follow":"follow","max-snippet":"max-snippet:-1","max-image-preview":"max-image-preview:large","max-video-preview":"max-video-preview:-1"},"canonical":"https:\/\/pikark.com\/product\/sistem-me-hapje-i-izoluar-supreme-s77-phos\/","og_locale":"en_US","og_type":"article","og_title":"Sistem me hapje i izoluar SUPREME S77 PHOS - Pikark","og_description":"Avantazhet : Kursim i lart\u00eb i energjis\u00eb fal\u00eb performanc\u00ebs s\u00eb jasht\u00ebzakonshme termike Drit\u00eb e p\u00ebrmir\u00ebsuar natyrale n\u00eb saj\u00eb t\u00eb dizajnit minimal t\u00eb sistemit Leht\u00ebsia e p\u00ebrdorimit dhe funksionaliteti i lart\u00eb Niveli i siguris\u00eb s\u00eb lart\u00eb Izolim i jasht\u00ebzakonsh\u00ebm akustik Dizajn modern Leht\u00ebsi aksesi sipas specifikimeve p\u00ebr personat me nevoja t\u00eb ve\u00e7anta dhe f\u00ebmij\u00ebt S hum\u00ebllojshm\u00ebri e gjer\u00eb e tipologjive dhe zgjidhjeve Cil\u00ebsi e jasht\u00ebzakonshme me p\u00ebrformanc\u00eb t\u00eb certifikuar Rritja e ngarkesave statike dhe funksionaliteti n\u00eb rast t\u00eb kushteve t\u00eb r\u00ebnda t\u00eb motit","og_url":"https:\/\/pikark.com\/product\/sistem-me-hapje-i-izoluar-supreme-s77-phos\/","og_site_name":"Pikark","article_publisher":"https:\/\/www.facebook.com\/pikark.al","article_modified_time":"2021-04-19T07:30:45+00:00","og_image":[{"width":620,"height":380,"url":"https:\/\/pikark.com\/wp-content\/uploads\/2021\/04\/s60_5.jpg","type":"image\/jpeg"}],"twitter_card":"summary_large_image","schema":{"@context":"https:\/\/schema.org","@graph":[{"@type":"WebPage","@id":"https:\/\/pikark.com\/product\/sistem-me-hapje-i-izoluar-supreme-s77-phos\/","url":"https:\/\/pikark.com\/product\/sistem-me-hapje-i-izoluar-supreme-s77-phos\/","name":"Sistem me hapje i izoluar SUPREME S77 PHOS - Pikark","isPartOf":{"@id":"https:\/\/pikark.com\/#website"},"datePublished":"2021-04-12T14:14:08+00:00","dateModified":"2021-04-19T07:30:45+00:00","breadcrumb":{"@id":"https:\/\/pikark.com\/product\/sistem-me-hapje-i-izoluar-supreme-s77-phos\/#breadcrumb"},"inLanguage":"en-US","potentialAction":[{"@type":"ReadAction","target":["https:\/\/pikark.com\/product\/sistem-me-hapje-i-izoluar-supreme-s77-phos\/"]}]},{"@type":"BreadcrumbList","@id":"https:\/\/pikark.com\/product\/sistem-me-hapje-i-izoluar-supreme-s77-phos\/#breadcrumb","itemListElement":[{"@type":"ListItem","position":1,"name":"Home","item":"https:\/\/pikark.com\/"},{"@type":"ListItem","position":2,"name":"Shop","item":"https:\/\/pikark.com\/en\/shop\/"},{"@type":"ListItem","position":3,"name":"Sistem me hapje i izoluar SUPREME S77 PHOS"}]},{"@type":"WebSite","@id":"https:\/\/pikark.com\/#website","url":"https:\/\/pikark.com\/","name":"Pikark","description":"Explore inspiring projects and find the right architects, brand &amp; manufacturers!","publisher":{"@id":"https:\/\/pikark.com\/#organization"},"potentialAction":[{"@type":"SearchAction","target":{"@type":"EntryPoint","urlTemplate":"https:\/\/pikark.com\/?s={search_term_string}"},"query-input":"required name=search_term_string"}],"inLanguage":"en-US"},{"@type":"Organization","@id":"https:\/\/pikark.com\/#organization","name":"Pikark","url":"https:\/\/pikark.com\/","logo":{"@type":"ImageObject","inLanguage":"en-US","@id":"https:\/\/pikark.com\/#\/schema\/logo\/image\/","url":"https:\/\/pikark.com\/wp-content\/uploads\/2020\/12\/LOGO_PIKARK-01-1.png","contentUrl":"https:\/\/pikark.com\/wp-content\/uploads\/2020\/12\/LOGO_PIKARK-01-1.png","width":2362,"height":2362,"caption":"Pikark"},"image":{"@id":"https:\/\/pikark.com\/#\/schema\/logo\/image\/"},"sameAs":["https:\/\/www.facebook.com\/pikark.al","https:\/\/www.instagram.com\/pik.ark\/"]}]}},"_links":{"self":[{"href":"https:\/\/pikark.com\/en\/wp-json\/wp\/v2\/product\/23074"}],"collection":[{"href":"https:\/\/pikark.com\/en\/wp-json\/wp\/v2\/product"}],"about":[{"href":"https:\/\/pikark.com\/en\/wp-json\/wp\/v2\/types\/product"}],"replies":[{"embeddable":true,"href":"https:\/\/pikark.com\/en\/wp-json\/wp\/v2\/comments?post=23074"}],"wp:featuredmedia":[{"embeddable":true,"href":"https:\/\/pikark.com\/en\/wp-json\/wp\/v2\/media\/23075"}],"wp:attachment":[{"href":"https:\/\/pikark.com\/en\/wp-json\/wp\/v2\/media?parent=23074"}],"wp:term":[{"taxonomy":"product_cat","embeddable":true,"href":"https:\/\/pikark.com\/en\/wp-json\/wp\/v2\/product_cat?post=23074"},{"taxonomy":"product_tag","embeddable":true,"href":"https:\/\/pikark.com\/en\/wp-json\/wp\/v2\/product_tag?post=23074"}],"curies":[{"name":"wp","href":"https:\/\/api.w.org\/{rel}","templated":true}]}}