{"id":23069,"date":"2021-04-12T13:50:27","date_gmt":"2021-04-12T13:50:27","guid":{"rendered":"https:\/\/pikark.com\/?post_type=product&#038;p=23069"},"modified":"2021-04-12T14:02:16","modified_gmt":"2021-04-12T14:02:16","slug":"sistemi-me-hapje-i-izoluar-supreme-s77","status":"publish","type":"product","link":"https:\/\/pikark.com\/en\/product\/sistemi-me-hapje-i-izoluar-supreme-s77\/","title":{"rendered":"Sistemi me hapje i izoluar SUPREME S77"},"content":{"rendered":"<p>Sistemi SUPREME S77 \u00ebsht\u00eb propozimi i ALUMIL p\u00ebr izolime t\u00eb larta, t\u00eb cilat p\u00ebrmbushin standardet e larta t\u00eb t\u00eb gjitha tregjeve t\u00eb avancuara dhe p\u00ebrfshijn\u00eb nj\u00eb dizajn modern. Kjo \u00ebsht\u00eb zgjidhja ideale p\u00ebr projektet q\u00eb k\u00ebrkojn\u00eb performanc\u00eb t\u00eb lart\u00eb dhe siguri maksimale.<\/p>\n","protected":false},"excerpt":{"rendered":"<p>Avantazhet : Dizajn modern Kursime shum\u00eb t\u00eb larta t\u00eb energjis\u00eb n\u00eb saj\u00eb t\u00eb efi\u00e7ens\u00ebs s\u00eb lart\u00eb t\u00eb energjis\u00eb (Certifikuar nga Sht\u00ebpit\u00eb Pasive) Niveli i siguris\u00eb s\u00eb lart\u00eb Izolim i jasht\u00ebzakonsh\u00ebm i z\u00ebrit Leht\u00ebsi aksesimi sipas specifikimeve p\u00ebr personat me nevoja t\u00eb ve\u00e7anta dhe f\u00ebmij\u00ebt Shum\u00ebllojshm\u00ebri t\u00eb gjer\u00eb t\u00eb tipologjive dhe zgjidhjeve Zgjidhje karakteristike p\u00ebr hotelet Rritja e ngarkesave statike dhe funksionaliteti n\u00eb rast t\u00eb kushteve t\u00eb r\u00ebnda t\u00eb motit Cil\u00ebsi t\u00eb jasht\u00ebzakonshme me performanc\u00eb t\u00eb certifikuar Leht\u00ebsia e p\u00ebrdorimit dhe funksionaliteti i lart\u00eb.<\/p>\n","protected":false},"featured_media":23068,"comment_status":"open","ping_status":"closed","template":"","meta":[],"product_cat":[715],"product_tag":[805,807,808],"yoast_head":"<!-- This site is optimized with the Yoast SEO plugin v21.7 - https:\/\/yoast.com\/wordpress\/plugins\/seo\/ -->\n<title>Sistemi me hapje i izoluar SUPREME S77 - Pikark<\/title>\n<meta name=\"robots\" content=\"index, follow, max-snippet:-1, max-image-preview:large, max-video-preview:-1\" \/>\n<link rel=\"canonical\" href=\"https:\/\/pikark.com\/product\/sistemi-me-hapje-i-izoluar-supreme-s77\/\" \/>\n<meta property=\"og:locale\" content=\"en_US\" \/>\n<meta property=\"og:type\" content=\"article\" \/>\n<meta property=\"og:title\" content=\"Sistemi me hapje i izoluar SUPREME S77 - Pikark\" \/>\n<meta property=\"og:description\" content=\"Avantazhet : Dizajn modern Kursime shum\u00eb t\u00eb larta t\u00eb energjis\u00eb n\u00eb saj\u00eb t\u00eb efi\u00e7ens\u00ebs s\u00eb lart\u00eb t\u00eb energjis\u00eb (Certifikuar nga Sht\u00ebpit\u00eb Pasive) Niveli i siguris\u00eb s\u00eb lart\u00eb Izolim i jasht\u00ebzakonsh\u00ebm i z\u00ebrit Leht\u00ebsi aksesimi sipas specifikimeve p\u00ebr personat me nevoja t\u00eb ve\u00e7anta dhe f\u00ebmij\u00ebt Shum\u00ebllojshm\u00ebri t\u00eb gjer\u00eb t\u00eb tipologjive dhe zgjidhjeve Zgjidhje karakteristike p\u00ebr hotelet Rritja e ngarkesave statike dhe funksionaliteti n\u00eb rast t\u00eb kushteve t\u00eb r\u00ebnda t\u00eb motit Cil\u00ebsi t\u00eb jasht\u00ebzakonshme me performanc\u00eb t\u00eb certifikuar Leht\u00ebsia e p\u00ebrdorimit dhe funksionaliteti i lart\u00eb.\" \/>\n<meta property=\"og:url\" content=\"https:\/\/pikark.com\/product\/sistemi-me-hapje-i-izoluar-supreme-s77\/\" \/>\n<meta property=\"og:site_name\" content=\"Pikark\" \/>\n<meta property=\"article:publisher\" content=\"https:\/\/www.facebook.com\/pikark.al\" \/>\n<meta property=\"article:modified_time\" content=\"2021-04-12T14:02:16+00:00\" \/>\n<meta property=\"og:image\" content=\"https:\/\/pikark.com\/wp-content\/uploads\/2021\/04\/s77-home.tmb-864x468-1.jpg\" \/>\n\t<meta property=\"og:image:width\" content=\"882\" \/>\n\t<meta property=\"og:image:height\" content=\"496\" \/>\n\t<meta property=\"og:image:type\" content=\"image\/jpeg\" \/>\n<meta name=\"twitter:card\" content=\"summary_large_image\" \/>\n<script type=\"application\/ld+json\" class=\"yoast-schema-graph\">{\"@context\":\"https:\/\/schema.org\",\"@graph\":[{\"@type\":\"WebPage\",\"@id\":\"https:\/\/pikark.com\/product\/sistemi-me-hapje-i-izoluar-supreme-s77\/\",\"url\":\"https:\/\/pikark.com\/product\/sistemi-me-hapje-i-izoluar-supreme-s77\/\",\"name\":\"Sistemi me hapje i izoluar SUPREME S77 - Pikark\",\"isPartOf\":{\"@id\":\"https:\/\/pikark.com\/#website\"},\"datePublished\":\"2021-04-12T13:50:27+00:00\",\"dateModified\":\"2021-04-12T14:02:16+00:00\",\"breadcrumb\":{\"@id\":\"https:\/\/pikark.com\/product\/sistemi-me-hapje-i-izoluar-supreme-s77\/#breadcrumb\"},\"inLanguage\":\"en-US\",\"potentialAction\":[{\"@type\":\"ReadAction\",\"target\":[\"https:\/\/pikark.com\/product\/sistemi-me-hapje-i-izoluar-supreme-s77\/\"]}]},{\"@type\":\"BreadcrumbList\",\"@id\":\"https:\/\/pikark.com\/product\/sistemi-me-hapje-i-izoluar-supreme-s77\/#breadcrumb\",\"itemListElement\":[{\"@type\":\"ListItem\",\"position\":1,\"name\":\"Home\",\"item\":\"https:\/\/pikark.com\/\"},{\"@type\":\"ListItem\",\"position\":2,\"name\":\"Shop\",\"item\":\"https:\/\/pikark.com\/en\/shop\/\"},{\"@type\":\"ListItem\",\"position\":3,\"name\":\"Sistemi me hapje i izoluar SUPREME S77\"}]},{\"@type\":\"WebSite\",\"@id\":\"https:\/\/pikark.com\/#website\",\"url\":\"https:\/\/pikark.com\/\",\"name\":\"Pikark\",\"description\":\"Explore inspiring projects and find the right architects, brand &amp; manufacturers!\",\"publisher\":{\"@id\":\"https:\/\/pikark.com\/#organization\"},\"potentialAction\":[{\"@type\":\"SearchAction\",\"target\":{\"@type\":\"EntryPoint\",\"urlTemplate\":\"https:\/\/pikark.com\/?s={search_term_string}\"},\"query-input\":\"required name=search_term_string\"}],\"inLanguage\":\"en-US\"},{\"@type\":\"Organization\",\"@id\":\"https:\/\/pikark.com\/#organization\",\"name\":\"Pikark\",\"url\":\"https:\/\/pikark.com\/\",\"logo\":{\"@type\":\"ImageObject\",\"inLanguage\":\"en-US\",\"@id\":\"https:\/\/pikark.com\/#\/schema\/logo\/image\/\",\"url\":\"https:\/\/pikark.com\/wp-content\/uploads\/2020\/12\/LOGO_PIKARK-01-1.png\",\"contentUrl\":\"https:\/\/pikark.com\/wp-content\/uploads\/2020\/12\/LOGO_PIKARK-01-1.png\",\"width\":2362,\"height\":2362,\"caption\":\"Pikark\"},\"image\":{\"@id\":\"https:\/\/pikark.com\/#\/schema\/logo\/image\/\"},\"sameAs\":[\"https:\/\/www.facebook.com\/pikark.al\",\"https:\/\/www.instagram.com\/pik.ark\/\"]}]}<\/script>\n<!-- \/ Yoast SEO plugin. -->","yoast_head_json":{"title":"Sistemi me hapje i izoluar SUPREME S77 - Pikark","robots":{"index":"index","follow":"follow","max-snippet":"max-snippet:-1","max-image-preview":"max-image-preview:large","max-video-preview":"max-video-preview:-1"},"canonical":"https:\/\/pikark.com\/product\/sistemi-me-hapje-i-izoluar-supreme-s77\/","og_locale":"en_US","og_type":"article","og_title":"Sistemi me hapje i izoluar SUPREME S77 - Pikark","og_description":"Avantazhet : Dizajn modern Kursime shum\u00eb t\u00eb larta t\u00eb energjis\u00eb n\u00eb saj\u00eb t\u00eb efi\u00e7ens\u00ebs s\u00eb lart\u00eb t\u00eb energjis\u00eb (Certifikuar nga Sht\u00ebpit\u00eb Pasive) Niveli i siguris\u00eb s\u00eb lart\u00eb Izolim i jasht\u00ebzakonsh\u00ebm i z\u00ebrit Leht\u00ebsi aksesimi sipas specifikimeve p\u00ebr personat me nevoja t\u00eb ve\u00e7anta dhe f\u00ebmij\u00ebt Shum\u00ebllojshm\u00ebri t\u00eb gjer\u00eb t\u00eb tipologjive dhe zgjidhjeve Zgjidhje karakteristike p\u00ebr hotelet Rritja e ngarkesave statike dhe funksionaliteti n\u00eb rast t\u00eb kushteve t\u00eb r\u00ebnda t\u00eb motit Cil\u00ebsi t\u00eb jasht\u00ebzakonshme me performanc\u00eb t\u00eb certifikuar Leht\u00ebsia e p\u00ebrdorimit dhe funksionaliteti i lart\u00eb.","og_url":"https:\/\/pikark.com\/product\/sistemi-me-hapje-i-izoluar-supreme-s77\/","og_site_name":"Pikark","article_publisher":"https:\/\/www.facebook.com\/pikark.al","article_modified_time":"2021-04-12T14:02:16+00:00","og_image":[{"width":882,"height":496,"url":"https:\/\/pikark.com\/wp-content\/uploads\/2021\/04\/s77-home.tmb-864x468-1.jpg","type":"image\/jpeg"}],"twitter_card":"summary_large_image","schema":{"@context":"https:\/\/schema.org","@graph":[{"@type":"WebPage","@id":"https:\/\/pikark.com\/product\/sistemi-me-hapje-i-izoluar-supreme-s77\/","url":"https:\/\/pikark.com\/product\/sistemi-me-hapje-i-izoluar-supreme-s77\/","name":"Sistemi me hapje i izoluar SUPREME S77 - Pikark","isPartOf":{"@id":"https:\/\/pikark.com\/#website"},"datePublished":"2021-04-12T13:50:27+00:00","dateModified":"2021-04-12T14:02:16+00:00","breadcrumb":{"@id":"https:\/\/pikark.com\/product\/sistemi-me-hapje-i-izoluar-supreme-s77\/#breadcrumb"},"inLanguage":"en-US","potentialAction":[{"@type":"ReadAction","target":["https:\/\/pikark.com\/product\/sistemi-me-hapje-i-izoluar-supreme-s77\/"]}]},{"@type":"BreadcrumbList","@id":"https:\/\/pikark.com\/product\/sistemi-me-hapje-i-izoluar-supreme-s77\/#breadcrumb","itemListElement":[{"@type":"ListItem","position":1,"name":"Home","item":"https:\/\/pikark.com\/"},{"@type":"ListItem","position":2,"name":"Shop","item":"https:\/\/pikark.com\/en\/shop\/"},{"@type":"ListItem","position":3,"name":"Sistemi me hapje i izoluar SUPREME S77"}]},{"@type":"WebSite","@id":"https:\/\/pikark.com\/#website","url":"https:\/\/pikark.com\/","name":"Pikark","description":"Explore inspiring projects and find the right architects, brand &amp; manufacturers!","publisher":{"@id":"https:\/\/pikark.com\/#organization"},"potentialAction":[{"@type":"SearchAction","target":{"@type":"EntryPoint","urlTemplate":"https:\/\/pikark.com\/?s={search_term_string}"},"query-input":"required name=search_term_string"}],"inLanguage":"en-US"},{"@type":"Organization","@id":"https:\/\/pikark.com\/#organization","name":"Pikark","url":"https:\/\/pikark.com\/","logo":{"@type":"ImageObject","inLanguage":"en-US","@id":"https:\/\/pikark.com\/#\/schema\/logo\/image\/","url":"https:\/\/pikark.com\/wp-content\/uploads\/2020\/12\/LOGO_PIKARK-01-1.png","contentUrl":"https:\/\/pikark.com\/wp-content\/uploads\/2020\/12\/LOGO_PIKARK-01-1.png","width":2362,"height":2362,"caption":"Pikark"},"image":{"@id":"https:\/\/pikark.com\/#\/schema\/logo\/image\/"},"sameAs":["https:\/\/www.facebook.com\/pikark.al","https:\/\/www.instagram.com\/pik.ark\/"]}]}},"_links":{"self":[{"href":"https:\/\/pikark.com\/en\/wp-json\/wp\/v2\/product\/23069"}],"collection":[{"href":"https:\/\/pikark.com\/en\/wp-json\/wp\/v2\/product"}],"about":[{"href":"https:\/\/pikark.com\/en\/wp-json\/wp\/v2\/types\/product"}],"replies":[{"embeddable":true,"href":"https:\/\/pikark.com\/en\/wp-json\/wp\/v2\/comments?post=23069"}],"wp:featuredmedia":[{"embeddable":true,"href":"https:\/\/pikark.com\/en\/wp-json\/wp\/v2\/media\/23068"}],"wp:attachment":[{"href":"https:\/\/pikark.com\/en\/wp-json\/wp\/v2\/media?parent=23069"}],"wp:term":[{"taxonomy":"product_cat","embeddable":true,"href":"https:\/\/pikark.com\/en\/wp-json\/wp\/v2\/product_cat?post=23069"},{"taxonomy":"product_tag","embeddable":true,"href":"https:\/\/pikark.com\/en\/wp-json\/wp\/v2\/product_tag?post=23069"}],"curies":[{"name":"wp","href":"https:\/\/api.w.org\/{rel}","templated":true}]}}