{"id":23062,"date":"2021-04-12T13:43:30","date_gmt":"2021-04-12T13:43:30","guid":{"rendered":"https:\/\/pikark.com\/?post_type=product&#038;p=23062"},"modified":"2021-04-12T13:59:32","modified_gmt":"2021-04-12T13:59:32","slug":"sistem-me-hapje-i-izoluar-smartia-s67","status":"publish","type":"product","link":"https:\/\/pikark.com\/en\/product\/sistem-me-hapje-i-izoluar-smartia-s67\/","title":{"rendered":"Sistem me hapje i izoluar SMARTIA S67"},"content":{"rendered":"<p>SMARTIA S67\u00ebsht\u00eb sistemi i ri i plot\u00eb i hapjes me dy pozicione i ALUMIL, i cili kombinon performancat e shk\u00eblqyera izoluese termike s\u00eb bashku me fleksibilitetin e lart\u00eb t\u00eb nd\u00ebrtimit dhe dizajnin e jasht\u00ebzakonsh\u00ebm.<\/p>\n","protected":false},"excerpt":{"rendered":"<p>Avantazhet : Vler\u00eb shum\u00eb e mir\u00eb p\u00ebrsa i p\u00ebrket aspektit financiar Kursime t\u00eb larta t\u00eb energjis\u00eb p\u00ebr shkak t\u00eb efikasitetit t\u00eb lart\u00eb t\u00eb energjis\u00eb n\u00eb sistem Rritja e nivelit t\u00eb siguris\u00eb Niveli i lart\u00eb i izolimit t\u00eb z\u00ebrit Leht\u00ebsia e p\u00ebrdorimit dhe funksionaliteti i lart\u00eb Dizajn modern p\u00ebr dritare me linj\u00eb t\u00eb drejt\u00eb ose t\u00eb harkuar Leht\u00ebsi aksesi sipas specifikimeve p\u00ebr personat me nevoja t\u00eb ve\u00e7anta dhe f\u00ebmij\u00ebt Cil\u00ebsi e lart\u00eb me shfaqje t\u00eb certifikuara Rritja e ngarkesave statike dhe funksionaliteti n\u00eb rast t\u00eb kushteve t\u00eb r\u00ebnda t\u00eb motit<\/p>\n","protected":false},"featured_media":23061,"comment_status":"open","ping_status":"closed","template":"","meta":[],"product_cat":[15,715],"product_tag":[807,808],"yoast_head":"<!-- This site is optimized with the Yoast SEO plugin v21.7 - https:\/\/yoast.com\/wordpress\/plugins\/seo\/ -->\n<title>Sistem me hapje i izoluar SMARTIA S67 - Pikark<\/title>\n<meta name=\"robots\" content=\"index, follow, max-snippet:-1, max-image-preview:large, max-video-preview:-1\" \/>\n<link rel=\"canonical\" href=\"https:\/\/pikark.com\/en\/product\/sistem-me-hapje-i-izoluar-smartia-s67\/\" \/>\n<meta property=\"og:locale\" content=\"en_US\" \/>\n<meta property=\"og:type\" content=\"article\" \/>\n<meta property=\"og:title\" content=\"Sistem me hapje i izoluar SMARTIA S67 - Pikark\" \/>\n<meta property=\"og:description\" content=\"Avantazhet : Vler\u00eb shum\u00eb e mir\u00eb p\u00ebrsa i p\u00ebrket aspektit financiar Kursime t\u00eb larta t\u00eb energjis\u00eb p\u00ebr shkak t\u00eb efikasitetit t\u00eb lart\u00eb t\u00eb energjis\u00eb n\u00eb sistem Rritja e nivelit t\u00eb siguris\u00eb Niveli i lart\u00eb i izolimit t\u00eb z\u00ebrit Leht\u00ebsia e p\u00ebrdorimit dhe funksionaliteti i lart\u00eb Dizajn modern p\u00ebr dritare me linj\u00eb t\u00eb drejt\u00eb ose t\u00eb harkuar Leht\u00ebsi aksesi sipas specifikimeve p\u00ebr personat me nevoja t\u00eb ve\u00e7anta dhe f\u00ebmij\u00ebt Cil\u00ebsi e lart\u00eb me shfaqje t\u00eb certifikuara Rritja e ngarkesave statike dhe funksionaliteti n\u00eb rast t\u00eb kushteve t\u00eb r\u00ebnda t\u00eb motit\" \/>\n<meta property=\"og:url\" content=\"https:\/\/pikark.com\/en\/product\/sistem-me-hapje-i-izoluar-smartia-s67\/\" \/>\n<meta property=\"og:site_name\" content=\"Pikark\" \/>\n<meta property=\"article:publisher\" content=\"https:\/\/www.facebook.com\/pikark.al\" \/>\n<meta property=\"article:modified_time\" content=\"2021-04-12T13:59:32+00:00\" \/>\n<meta property=\"og:image\" content=\"https:\/\/pikark.com\/wp-content\/uploads\/2021\/04\/banner.jpg\" \/>\n\t<meta property=\"og:image:width\" content=\"1260\" \/>\n\t<meta property=\"og:image:height\" content=\"340\" \/>\n\t<meta property=\"og:image:type\" content=\"image\/jpeg\" \/>\n<meta name=\"twitter:card\" content=\"summary_large_image\" \/>\n<script type=\"application\/ld+json\" class=\"yoast-schema-graph\">{\"@context\":\"https:\/\/schema.org\",\"@graph\":[{\"@type\":\"WebPage\",\"@id\":\"https:\/\/pikark.com\/en\/product\/sistem-me-hapje-i-izoluar-smartia-s67\/\",\"url\":\"https:\/\/pikark.com\/en\/product\/sistem-me-hapje-i-izoluar-smartia-s67\/\",\"name\":\"Sistem me hapje i izoluar SMARTIA S67 - Pikark\",\"isPartOf\":{\"@id\":\"https:\/\/pikark.com\/#website\"},\"datePublished\":\"2021-04-12T13:43:30+00:00\",\"dateModified\":\"2021-04-12T13:59:32+00:00\",\"breadcrumb\":{\"@id\":\"https:\/\/pikark.com\/en\/product\/sistem-me-hapje-i-izoluar-smartia-s67\/#breadcrumb\"},\"inLanguage\":\"en-US\",\"potentialAction\":[{\"@type\":\"ReadAction\",\"target\":[\"https:\/\/pikark.com\/en\/product\/sistem-me-hapje-i-izoluar-smartia-s67\/\"]}]},{\"@type\":\"BreadcrumbList\",\"@id\":\"https:\/\/pikark.com\/en\/product\/sistem-me-hapje-i-izoluar-smartia-s67\/#breadcrumb\",\"itemListElement\":[{\"@type\":\"ListItem\",\"position\":1,\"name\":\"Home\",\"item\":\"https:\/\/pikark.com\/\"},{\"@type\":\"ListItem\",\"position\":2,\"name\":\"Shop\",\"item\":\"https:\/\/pikark.com\/en\/shop\/\"},{\"@type\":\"ListItem\",\"position\":3,\"name\":\"Sistem me hapje i izoluar SMARTIA S67\"}]},{\"@type\":\"WebSite\",\"@id\":\"https:\/\/pikark.com\/#website\",\"url\":\"https:\/\/pikark.com\/\",\"name\":\"Pikark\",\"description\":\"Explore inspiring projects and find the right architects, brand &amp; manufacturers!\",\"publisher\":{\"@id\":\"https:\/\/pikark.com\/#organization\"},\"potentialAction\":[{\"@type\":\"SearchAction\",\"target\":{\"@type\":\"EntryPoint\",\"urlTemplate\":\"https:\/\/pikark.com\/?s={search_term_string}\"},\"query-input\":\"required name=search_term_string\"}],\"inLanguage\":\"en-US\"},{\"@type\":\"Organization\",\"@id\":\"https:\/\/pikark.com\/#organization\",\"name\":\"Pikark\",\"url\":\"https:\/\/pikark.com\/\",\"logo\":{\"@type\":\"ImageObject\",\"inLanguage\":\"en-US\",\"@id\":\"https:\/\/pikark.com\/#\/schema\/logo\/image\/\",\"url\":\"https:\/\/pikark.com\/wp-content\/uploads\/2020\/12\/LOGO_PIKARK-01-1.png\",\"contentUrl\":\"https:\/\/pikark.com\/wp-content\/uploads\/2020\/12\/LOGO_PIKARK-01-1.png\",\"width\":2362,\"height\":2362,\"caption\":\"Pikark\"},\"image\":{\"@id\":\"https:\/\/pikark.com\/#\/schema\/logo\/image\/\"},\"sameAs\":[\"https:\/\/www.facebook.com\/pikark.al\",\"https:\/\/www.instagram.com\/pik.ark\/\"]}]}<\/script>\n<!-- \/ Yoast SEO plugin. -->","yoast_head_json":{"title":"Sistem me hapje i izoluar SMARTIA S67 - Pikark","robots":{"index":"index","follow":"follow","max-snippet":"max-snippet:-1","max-image-preview":"max-image-preview:large","max-video-preview":"max-video-preview:-1"},"canonical":"https:\/\/pikark.com\/en\/product\/sistem-me-hapje-i-izoluar-smartia-s67\/","og_locale":"en_US","og_type":"article","og_title":"Sistem me hapje i izoluar SMARTIA S67 - Pikark","og_description":"Avantazhet : Vler\u00eb shum\u00eb e mir\u00eb p\u00ebrsa i p\u00ebrket aspektit financiar Kursime t\u00eb larta t\u00eb energjis\u00eb p\u00ebr shkak t\u00eb efikasitetit t\u00eb lart\u00eb t\u00eb energjis\u00eb n\u00eb sistem Rritja e nivelit t\u00eb siguris\u00eb Niveli i lart\u00eb i izolimit t\u00eb z\u00ebrit Leht\u00ebsia e p\u00ebrdorimit dhe funksionaliteti i lart\u00eb Dizajn modern p\u00ebr dritare me linj\u00eb t\u00eb drejt\u00eb ose t\u00eb harkuar Leht\u00ebsi aksesi sipas specifikimeve p\u00ebr personat me nevoja t\u00eb ve\u00e7anta dhe f\u00ebmij\u00ebt Cil\u00ebsi e lart\u00eb me shfaqje t\u00eb certifikuara Rritja e ngarkesave statike dhe funksionaliteti n\u00eb rast t\u00eb kushteve t\u00eb r\u00ebnda t\u00eb motit","og_url":"https:\/\/pikark.com\/en\/product\/sistem-me-hapje-i-izoluar-smartia-s67\/","og_site_name":"Pikark","article_publisher":"https:\/\/www.facebook.com\/pikark.al","article_modified_time":"2021-04-12T13:59:32+00:00","og_image":[{"width":1260,"height":340,"url":"https:\/\/pikark.com\/wp-content\/uploads\/2021\/04\/banner.jpg","type":"image\/jpeg"}],"twitter_card":"summary_large_image","schema":{"@context":"https:\/\/schema.org","@graph":[{"@type":"WebPage","@id":"https:\/\/pikark.com\/en\/product\/sistem-me-hapje-i-izoluar-smartia-s67\/","url":"https:\/\/pikark.com\/en\/product\/sistem-me-hapje-i-izoluar-smartia-s67\/","name":"Sistem me hapje i izoluar SMARTIA S67 - Pikark","isPartOf":{"@id":"https:\/\/pikark.com\/#website"},"datePublished":"2021-04-12T13:43:30+00:00","dateModified":"2021-04-12T13:59:32+00:00","breadcrumb":{"@id":"https:\/\/pikark.com\/en\/product\/sistem-me-hapje-i-izoluar-smartia-s67\/#breadcrumb"},"inLanguage":"en-US","potentialAction":[{"@type":"ReadAction","target":["https:\/\/pikark.com\/en\/product\/sistem-me-hapje-i-izoluar-smartia-s67\/"]}]},{"@type":"BreadcrumbList","@id":"https:\/\/pikark.com\/en\/product\/sistem-me-hapje-i-izoluar-smartia-s67\/#breadcrumb","itemListElement":[{"@type":"ListItem","position":1,"name":"Home","item":"https:\/\/pikark.com\/"},{"@type":"ListItem","position":2,"name":"Shop","item":"https:\/\/pikark.com\/en\/shop\/"},{"@type":"ListItem","position":3,"name":"Sistem me hapje i izoluar SMARTIA S67"}]},{"@type":"WebSite","@id":"https:\/\/pikark.com\/#website","url":"https:\/\/pikark.com\/","name":"Pikark","description":"Explore inspiring projects and find the right architects, brand &amp; manufacturers!","publisher":{"@id":"https:\/\/pikark.com\/#organization"},"potentialAction":[{"@type":"SearchAction","target":{"@type":"EntryPoint","urlTemplate":"https:\/\/pikark.com\/?s={search_term_string}"},"query-input":"required name=search_term_string"}],"inLanguage":"en-US"},{"@type":"Organization","@id":"https:\/\/pikark.com\/#organization","name":"Pikark","url":"https:\/\/pikark.com\/","logo":{"@type":"ImageObject","inLanguage":"en-US","@id":"https:\/\/pikark.com\/#\/schema\/logo\/image\/","url":"https:\/\/pikark.com\/wp-content\/uploads\/2020\/12\/LOGO_PIKARK-01-1.png","contentUrl":"https:\/\/pikark.com\/wp-content\/uploads\/2020\/12\/LOGO_PIKARK-01-1.png","width":2362,"height":2362,"caption":"Pikark"},"image":{"@id":"https:\/\/pikark.com\/#\/schema\/logo\/image\/"},"sameAs":["https:\/\/www.facebook.com\/pikark.al","https:\/\/www.instagram.com\/pik.ark\/"]}]}},"_links":{"self":[{"href":"https:\/\/pikark.com\/en\/wp-json\/wp\/v2\/product\/23062"}],"collection":[{"href":"https:\/\/pikark.com\/en\/wp-json\/wp\/v2\/product"}],"about":[{"href":"https:\/\/pikark.com\/en\/wp-json\/wp\/v2\/types\/product"}],"replies":[{"embeddable":true,"href":"https:\/\/pikark.com\/en\/wp-json\/wp\/v2\/comments?post=23062"}],"wp:featuredmedia":[{"embeddable":true,"href":"https:\/\/pikark.com\/en\/wp-json\/wp\/v2\/media\/23061"}],"wp:attachment":[{"href":"https:\/\/pikark.com\/en\/wp-json\/wp\/v2\/media?parent=23062"}],"wp:term":[{"taxonomy":"product_cat","embeddable":true,"href":"https:\/\/pikark.com\/en\/wp-json\/wp\/v2\/product_cat?post=23062"},{"taxonomy":"product_tag","embeddable":true,"href":"https:\/\/pikark.com\/en\/wp-json\/wp\/v2\/product_tag?post=23062"}],"curies":[{"name":"wp","href":"https:\/\/api.w.org\/{rel}","templated":true}]}}