{"id":22887,"date":"2021-04-01T13:53:36","date_gmt":"2021-04-01T13:53:36","guid":{"rendered":"https:\/\/pikark.com\/?post_type=product&#038;p=22887"},"modified":"2024-10-26T22:29:04","modified_gmt":"2024-10-26T22:29:04","slug":"karrige-nova","status":"publish","type":"product","link":"https:\/\/pikark.com\/en\/product\/karrige-nova\/","title":{"rendered":"Nova Chair"},"content":{"rendered":"<p>Small size and extreme functionality are the distinctive characteristics of Nova, by <a href=\"https:\/\/almex.al\">Almex Contract Furniture<\/a> a collection composed of chairs and contract table made out of tubular steel and metal sheet. The armrests, in tubular steel, have a particular shape and inclination that guarantees maximum comfort. The collection is completed with square dining tables and a rectangular<a href=\"https:\/\/pikark.com\/en\/listing\/mobilje-ikonike-te-projektuara-nga-arkitektet\/\"> table<\/a> 120&#215;80 cm, whose clean lines enhance the unique design of the seats. Thanks to the special technology used for the materials in its top, the Nova tables stabilize itself automatically on any type of flooring solving the problem of wobbling than can happen on uneven floors.<\/p>","protected":false},"excerpt":{"rendered":"<p>Small size and extreme functionality are the distinctive characteristics of Nova, by Almex Contract Furniture a collection composed of chairs and contract table made out of tubular steel and metal sheet. The armrests, in tubular steel, have a particular shape and inclination that guarantees maximum comfort. The collection is completed with square dining tables and [&hellip;]<\/p>\n","protected":false},"featured_media":22888,"comment_status":"open","ping_status":"closed","template":"","meta":[],"product_cat":[656,697,698],"product_tag":[822,825,823,824],"yoast_head":"<!-- This site is optimized with the Yoast SEO plugin v21.7 - https:\/\/yoast.com\/wordpress\/plugins\/seo\/ -->\n<title>Nova Chair - Pikark<\/title>\n<meta name=\"description\" content=\"Karrige Nova nga Almex Contract furniture p\u00ebr ambjentet tuaja t\u00eb jashtme. Nj\u00eb produkt i leht\u00eb, komod dhe estetik\" \/>\n<meta name=\"robots\" content=\"index, follow, max-snippet:-1, max-image-preview:large, max-video-preview:-1\" \/>\n<link rel=\"canonical\" href=\"https:\/\/pikark.com\/product\/karrige-nova\/\" \/>\n<meta property=\"og:locale\" content=\"en_US\" \/>\n<meta property=\"og:type\" content=\"article\" \/>\n<meta property=\"og:title\" content=\"Nova Chair - Pikark\" \/>\n<meta property=\"og:description\" content=\"Karrige Nova nga Almex Contract furniture p\u00ebr ambjentet tuaja t\u00eb jashtme. Nj\u00eb produkt i leht\u00eb, komod dhe estetik\" \/>\n<meta property=\"og:url\" content=\"https:\/\/pikark.com\/product\/karrige-nova\/\" \/>\n<meta property=\"og:site_name\" content=\"Pikark\" \/>\n<meta property=\"article:publisher\" content=\"https:\/\/www.facebook.com\/pikark.al\" \/>\n<meta property=\"article:modified_time\" content=\"2024-10-26T22:29:04+00:00\" \/>\n<meta property=\"og:image\" content=\"https:\/\/pikark.com\/wp-content\/uploads\/2021\/04\/1.jpg\" \/>\n\t<meta property=\"og:image:width\" content=\"1080\" \/>\n\t<meta property=\"og:image:height\" content=\"1080\" \/>\n\t<meta property=\"og:image:type\" content=\"image\/jpeg\" \/>\n<meta name=\"twitter:card\" content=\"summary_large_image\" \/>\n<meta name=\"twitter:label1\" content=\"Est. reading time\" \/>\n\t<meta name=\"twitter:data1\" content=\"1 minute\" \/>\n<script type=\"application\/ld+json\" class=\"yoast-schema-graph\">{\"@context\":\"https:\/\/schema.org\",\"@graph\":[{\"@type\":\"WebPage\",\"@id\":\"https:\/\/pikark.com\/product\/karrige-nova\/\",\"url\":\"https:\/\/pikark.com\/product\/karrige-nova\/\",\"name\":\"[:sq]Karrige Nova[:en]Nova Chair[:] - Pikark\",\"isPartOf\":{\"@id\":\"https:\/\/pikark.com\/#website\"},\"datePublished\":\"2021-04-01T13:53:36+00:00\",\"dateModified\":\"2024-10-26T22:29:04+00:00\",\"description\":\"Karrige Nova nga Almex Contract furniture p\u00ebr ambjentet tuaja t\u00eb jashtme. Nj\u00eb produkt i leht\u00eb, komod dhe estetik\",\"breadcrumb\":{\"@id\":\"https:\/\/pikark.com\/product\/karrige-nova\/#breadcrumb\"},\"inLanguage\":\"en-US\",\"potentialAction\":[{\"@type\":\"ReadAction\",\"target\":[\"https:\/\/pikark.com\/product\/karrige-nova\/\"]}]},{\"@type\":\"BreadcrumbList\",\"@id\":\"https:\/\/pikark.com\/product\/karrige-nova\/#breadcrumb\",\"itemListElement\":[{\"@type\":\"ListItem\",\"position\":1,\"name\":\"Home\",\"item\":\"https:\/\/pikark.com\/\"},{\"@type\":\"ListItem\",\"position\":2,\"name\":\"Shop\",\"item\":\"https:\/\/pikark.com\/en\/shop\/\"},{\"@type\":\"ListItem\",\"position\":3,\"name\":\"Karrige Nova\"}]},{\"@type\":\"WebSite\",\"@id\":\"https:\/\/pikark.com\/#website\",\"url\":\"https:\/\/pikark.com\/\",\"name\":\"Pikark\",\"description\":\"Explore inspiring projects and find the right architects, brand &amp; manufacturers!\",\"publisher\":{\"@id\":\"https:\/\/pikark.com\/#organization\"},\"potentialAction\":[{\"@type\":\"SearchAction\",\"target\":{\"@type\":\"EntryPoint\",\"urlTemplate\":\"https:\/\/pikark.com\/?s={search_term_string}\"},\"query-input\":\"required name=search_term_string\"}],\"inLanguage\":\"en-US\"},{\"@type\":\"Organization\",\"@id\":\"https:\/\/pikark.com\/#organization\",\"name\":\"Pikark\",\"url\":\"https:\/\/pikark.com\/\",\"logo\":{\"@type\":\"ImageObject\",\"inLanguage\":\"en-US\",\"@id\":\"https:\/\/pikark.com\/#\/schema\/logo\/image\/\",\"url\":\"https:\/\/pikark.com\/wp-content\/uploads\/2020\/12\/LOGO_PIKARK-01-1.png\",\"contentUrl\":\"https:\/\/pikark.com\/wp-content\/uploads\/2020\/12\/LOGO_PIKARK-01-1.png\",\"width\":2362,\"height\":2362,\"caption\":\"Pikark\"},\"image\":{\"@id\":\"https:\/\/pikark.com\/#\/schema\/logo\/image\/\"},\"sameAs\":[\"https:\/\/www.facebook.com\/pikark.al\",\"https:\/\/www.instagram.com\/pik.ark\/\"]}]}<\/script>\n<!-- \/ Yoast SEO plugin. -->","yoast_head_json":{"title":"Nova Chair - Pikark","description":"Karrige Nova nga Almex Contract furniture p\u00ebr ambjentet tuaja t\u00eb jashtme. Nj\u00eb produkt i leht\u00eb, komod dhe estetik","robots":{"index":"index","follow":"follow","max-snippet":"max-snippet:-1","max-image-preview":"max-image-preview:large","max-video-preview":"max-video-preview:-1"},"canonical":"https:\/\/pikark.com\/product\/karrige-nova\/","og_locale":"en_US","og_type":"article","og_title":"Nova Chair - Pikark","og_description":"Karrige Nova nga Almex Contract furniture p\u00ebr ambjentet tuaja t\u00eb jashtme. Nj\u00eb produkt i leht\u00eb, komod dhe estetik","og_url":"https:\/\/pikark.com\/product\/karrige-nova\/","og_site_name":"Pikark","article_publisher":"https:\/\/www.facebook.com\/pikark.al","article_modified_time":"2024-10-26T22:29:04+00:00","og_image":[{"width":1080,"height":1080,"url":"https:\/\/pikark.com\/wp-content\/uploads\/2021\/04\/1.jpg","type":"image\/jpeg"}],"twitter_card":"summary_large_image","twitter_misc":{"Est. reading time":"1 minute"},"schema":{"@context":"https:\/\/schema.org","@graph":[{"@type":"WebPage","@id":"https:\/\/pikark.com\/product\/karrige-nova\/","url":"https:\/\/pikark.com\/product\/karrige-nova\/","name":"[:sq]Karrige Nova[:en]Nova Chair[:] - Pikark","isPartOf":{"@id":"https:\/\/pikark.com\/#website"},"datePublished":"2021-04-01T13:53:36+00:00","dateModified":"2024-10-26T22:29:04+00:00","description":"Karrige Nova nga Almex Contract furniture p\u00ebr ambjentet tuaja t\u00eb jashtme. Nj\u00eb produkt i leht\u00eb, komod dhe estetik","breadcrumb":{"@id":"https:\/\/pikark.com\/product\/karrige-nova\/#breadcrumb"},"inLanguage":"en-US","potentialAction":[{"@type":"ReadAction","target":["https:\/\/pikark.com\/product\/karrige-nova\/"]}]},{"@type":"BreadcrumbList","@id":"https:\/\/pikark.com\/product\/karrige-nova\/#breadcrumb","itemListElement":[{"@type":"ListItem","position":1,"name":"Home","item":"https:\/\/pikark.com\/"},{"@type":"ListItem","position":2,"name":"Shop","item":"https:\/\/pikark.com\/en\/shop\/"},{"@type":"ListItem","position":3,"name":"Karrige Nova"}]},{"@type":"WebSite","@id":"https:\/\/pikark.com\/#website","url":"https:\/\/pikark.com\/","name":"Pikark","description":"Explore inspiring projects and find the right architects, brand &amp; manufacturers!","publisher":{"@id":"https:\/\/pikark.com\/#organization"},"potentialAction":[{"@type":"SearchAction","target":{"@type":"EntryPoint","urlTemplate":"https:\/\/pikark.com\/?s={search_term_string}"},"query-input":"required name=search_term_string"}],"inLanguage":"en-US"},{"@type":"Organization","@id":"https:\/\/pikark.com\/#organization","name":"Pikark","url":"https:\/\/pikark.com\/","logo":{"@type":"ImageObject","inLanguage":"en-US","@id":"https:\/\/pikark.com\/#\/schema\/logo\/image\/","url":"https:\/\/pikark.com\/wp-content\/uploads\/2020\/12\/LOGO_PIKARK-01-1.png","contentUrl":"https:\/\/pikark.com\/wp-content\/uploads\/2020\/12\/LOGO_PIKARK-01-1.png","width":2362,"height":2362,"caption":"Pikark"},"image":{"@id":"https:\/\/pikark.com\/#\/schema\/logo\/image\/"},"sameAs":["https:\/\/www.facebook.com\/pikark.al","https:\/\/www.instagram.com\/pik.ark\/"]}]}},"_links":{"self":[{"href":"https:\/\/pikark.com\/en\/wp-json\/wp\/v2\/product\/22887"}],"collection":[{"href":"https:\/\/pikark.com\/en\/wp-json\/wp\/v2\/product"}],"about":[{"href":"https:\/\/pikark.com\/en\/wp-json\/wp\/v2\/types\/product"}],"replies":[{"embeddable":true,"href":"https:\/\/pikark.com\/en\/wp-json\/wp\/v2\/comments?post=22887"}],"wp:featuredmedia":[{"embeddable":true,"href":"https:\/\/pikark.com\/en\/wp-json\/wp\/v2\/media\/22888"}],"wp:attachment":[{"href":"https:\/\/pikark.com\/en\/wp-json\/wp\/v2\/media?parent=22887"}],"wp:term":[{"taxonomy":"product_cat","embeddable":true,"href":"https:\/\/pikark.com\/en\/wp-json\/wp\/v2\/product_cat?post=22887"},{"taxonomy":"product_tag","embeddable":true,"href":"https:\/\/pikark.com\/en\/wp-json\/wp\/v2\/product_tag?post=22887"}],"curies":[{"name":"wp","href":"https:\/\/api.w.org\/{rel}","templated":true}]}}