{"id":22414,"date":"2022-04-16T11:16:04","date_gmt":"2022-04-16T11:16:04","guid":{"rendered":"https:\/\/pikark.com\/?post_type=product&#038;p=22414"},"modified":"2022-11-17T08:51:00","modified_gmt":"2022-11-17T08:51:00","slug":"smartia-fc80","status":"publish","type":"product","link":"https:\/\/pikark.com\/en\/product\/smartia-fc80\/","title":{"rendered":"Smartia FC80"},"content":{"rendered":"<p><\/p>\n<section class=\"description margin-bottom-20 hover\">\n<div class=\"container hover\">\n<div class=\"row hover\">\n<div class=\"col-md-7 col-lg-9 hover\">\n<section class=\"description margin-bottom-20 hover\">\n<div class=\"container hover\">\n<div class=\"row hover\">\n<div class=\"col-md-7 col-lg-9 hover\">\n<p class=\"hover\"><a href=\"https:\/\/www.alumil.com\/albania\/corporate\/careers\/careers-@-alumil\/albania\">SMARTIA FC80<\/a> is an advanced and multiform fencing system with a wide range of aluminum louvers and other decorative elements (composite wood, aluminium sheet, glass panel, inox), placed inlaid, between the mullions.<\/p>\n<p>At the same time, it offers a vast variety of technical solutions and applications with high levels of innovation, being undoubtedly a valuable tool for architects and consumers, which can meet all the technical and aesthetic needs of a project.<\/p>\n<p>&nbsp;<\/p>\n<\/div>\n<\/div>\n<\/div>\n<\/section>\n<section class=\"benefits container\">\n<div class=\"row\">\n<div class=\"col-md-6\">\n<p class=\"subtitle\"><strong>Advantages<\/strong><\/p>\n<div class=\"alumil-list\">\n<ul class=\"\">\n<li class=\"\">Top robustness for large scale constructions (3.0m sash width)<\/li>\n<li class=\"\">Possibility of closed surfaces without wind pressure problems (2.0m fence height)<\/li>\n<li class=\"\">Unlimited decorative solutions, and high levels of customization as well<\/li>\n<li class=\"\">High levels of innovation and use of pioneering materials (Woodalux\u00ae, special frames, lighting, etc.)<\/li>\n<li class=\"\">Replacement of concrete posts with aluminium profiles<\/li>\n<\/ul>\n<\/div>\n<\/div>\n<\/div>\n<\/section>\n<\/div>\n<\/div>\n<\/div>\n<\/section>\n<p><\/p>","protected":false},"excerpt":{"rendered":"<p class=\"margin-top-30 hover\">Multiform fencing system<\/p>\n","protected":false},"featured_media":22419,"comment_status":"open","ping_status":"closed","template":"","meta":[],"product_cat":[738,718],"product_tag":[805],"yoast_head":"<!-- This site is optimized with the Yoast SEO plugin v21.7 - https:\/\/yoast.com\/wordpress\/plugins\/seo\/ -->\n<title>Smartia FC80 - Pikark<\/title>\n<meta name=\"description\" content=\"N\u00eb t\u00eb nj\u00ebjt\u00ebn koh\u00eb, ofron nj\u00eb shum\u00ebllojshm\u00ebri zgjidhjesh teknike dhe aplikimeve me nj\u00eb nivel t\u00eb lart\u00eb inovacioni, duke qen\u00eb padyshim nj\u00eb mjet\" \/>\n<meta name=\"robots\" content=\"index, follow, max-snippet:-1, max-image-preview:large, max-video-preview:-1\" \/>\n<link rel=\"canonical\" href=\"https:\/\/pikark.com\/product\/smartia-fc80\/\" \/>\n<meta property=\"og:locale\" content=\"en_US\" \/>\n<meta property=\"og:type\" content=\"article\" \/>\n<meta property=\"og:title\" content=\"Smartia FC80 - Pikark\" \/>\n<meta property=\"og:description\" content=\"N\u00eb t\u00eb nj\u00ebjt\u00ebn koh\u00eb, ofron nj\u00eb shum\u00ebllojshm\u00ebri zgjidhjesh teknike dhe aplikimeve me nj\u00eb nivel t\u00eb lart\u00eb inovacioni, duke qen\u00eb padyshim nj\u00eb mjet\" \/>\n<meta property=\"og:url\" content=\"https:\/\/pikark.com\/product\/smartia-fc80\/\" \/>\n<meta property=\"og:site_name\" content=\"Pikark\" \/>\n<meta property=\"article:publisher\" content=\"https:\/\/www.facebook.com\/pikark.al\" \/>\n<meta property=\"article:modified_time\" content=\"2022-11-17T08:51:00+00:00\" \/>\n<meta property=\"og:image\" content=\"https:\/\/pikark.com\/wp-content\/uploads\/2021\/03\/fc80-front-view01e7e537-3a59-470b-bc67-88b0013d6cb0.tmb-864x468-1.jpg\" \/>\n\t<meta property=\"og:image:width\" content=\"882\" \/>\n\t<meta property=\"og:image:height\" content=\"496\" \/>\n\t<meta property=\"og:image:type\" content=\"image\/jpeg\" \/>\n<meta name=\"twitter:card\" content=\"summary_large_image\" \/>\n<meta name=\"twitter:label1\" content=\"Est. reading time\" \/>\n\t<meta name=\"twitter:data1\" content=\"1 minute\" \/>\n<script type=\"application\/ld+json\" class=\"yoast-schema-graph\">{\"@context\":\"https:\/\/schema.org\",\"@graph\":[{\"@type\":\"WebPage\",\"@id\":\"https:\/\/pikark.com\/product\/smartia-fc80\/\",\"url\":\"https:\/\/pikark.com\/product\/smartia-fc80\/\",\"name\":\"Smartia FC80 - Pikark\",\"isPartOf\":{\"@id\":\"https:\/\/pikark.com\/#website\"},\"datePublished\":\"2022-04-16T11:16:04+00:00\",\"dateModified\":\"2022-11-17T08:51:00+00:00\",\"description\":\"N\u00eb t\u00eb nj\u00ebjt\u00ebn koh\u00eb, ofron nj\u00eb shum\u00ebllojshm\u00ebri zgjidhjesh teknike dhe aplikimeve me nj\u00eb nivel t\u00eb lart\u00eb inovacioni, duke qen\u00eb padyshim nj\u00eb mjet\",\"breadcrumb\":{\"@id\":\"https:\/\/pikark.com\/product\/smartia-fc80\/#breadcrumb\"},\"inLanguage\":\"en-US\",\"potentialAction\":[{\"@type\":\"ReadAction\",\"target\":[\"https:\/\/pikark.com\/product\/smartia-fc80\/\"]}]},{\"@type\":\"BreadcrumbList\",\"@id\":\"https:\/\/pikark.com\/product\/smartia-fc80\/#breadcrumb\",\"itemListElement\":[{\"@type\":\"ListItem\",\"position\":1,\"name\":\"Home\",\"item\":\"https:\/\/pikark.com\/\"},{\"@type\":\"ListItem\",\"position\":2,\"name\":\"Shop\",\"item\":\"https:\/\/pikark.com\/en\/shop\/\"},{\"@type\":\"ListItem\",\"position\":3,\"name\":\"Smartia FC80\"}]},{\"@type\":\"WebSite\",\"@id\":\"https:\/\/pikark.com\/#website\",\"url\":\"https:\/\/pikark.com\/\",\"name\":\"Pikark\",\"description\":\"Explore inspiring projects and find the right architects, brand &amp; manufacturers!\",\"publisher\":{\"@id\":\"https:\/\/pikark.com\/#organization\"},\"potentialAction\":[{\"@type\":\"SearchAction\",\"target\":{\"@type\":\"EntryPoint\",\"urlTemplate\":\"https:\/\/pikark.com\/?s={search_term_string}\"},\"query-input\":\"required name=search_term_string\"}],\"inLanguage\":\"en-US\"},{\"@type\":\"Organization\",\"@id\":\"https:\/\/pikark.com\/#organization\",\"name\":\"Pikark\",\"url\":\"https:\/\/pikark.com\/\",\"logo\":{\"@type\":\"ImageObject\",\"inLanguage\":\"en-US\",\"@id\":\"https:\/\/pikark.com\/#\/schema\/logo\/image\/\",\"url\":\"https:\/\/pikark.com\/wp-content\/uploads\/2020\/12\/LOGO_PIKARK-01-1.png\",\"contentUrl\":\"https:\/\/pikark.com\/wp-content\/uploads\/2020\/12\/LOGO_PIKARK-01-1.png\",\"width\":2362,\"height\":2362,\"caption\":\"Pikark\"},\"image\":{\"@id\":\"https:\/\/pikark.com\/#\/schema\/logo\/image\/\"},\"sameAs\":[\"https:\/\/www.facebook.com\/pikark.al\",\"https:\/\/www.instagram.com\/pik.ark\/\"]}]}<\/script>\n<!-- \/ Yoast SEO plugin. -->","yoast_head_json":{"title":"Smartia FC80 - Pikark","description":"N\u00eb t\u00eb nj\u00ebjt\u00ebn koh\u00eb, ofron nj\u00eb shum\u00ebllojshm\u00ebri zgjidhjesh teknike dhe aplikimeve me nj\u00eb nivel t\u00eb lart\u00eb inovacioni, duke qen\u00eb padyshim nj\u00eb mjet","robots":{"index":"index","follow":"follow","max-snippet":"max-snippet:-1","max-image-preview":"max-image-preview:large","max-video-preview":"max-video-preview:-1"},"canonical":"https:\/\/pikark.com\/product\/smartia-fc80\/","og_locale":"en_US","og_type":"article","og_title":"Smartia FC80 - Pikark","og_description":"N\u00eb t\u00eb nj\u00ebjt\u00ebn koh\u00eb, ofron nj\u00eb shum\u00ebllojshm\u00ebri zgjidhjesh teknike dhe aplikimeve me nj\u00eb nivel t\u00eb lart\u00eb inovacioni, duke qen\u00eb padyshim nj\u00eb mjet","og_url":"https:\/\/pikark.com\/product\/smartia-fc80\/","og_site_name":"Pikark","article_publisher":"https:\/\/www.facebook.com\/pikark.al","article_modified_time":"2022-11-17T08:51:00+00:00","og_image":[{"width":882,"height":496,"url":"https:\/\/pikark.com\/wp-content\/uploads\/2021\/03\/fc80-front-view01e7e537-3a59-470b-bc67-88b0013d6cb0.tmb-864x468-1.jpg","type":"image\/jpeg"}],"twitter_card":"summary_large_image","twitter_misc":{"Est. reading time":"1 minute"},"schema":{"@context":"https:\/\/schema.org","@graph":[{"@type":"WebPage","@id":"https:\/\/pikark.com\/product\/smartia-fc80\/","url":"https:\/\/pikark.com\/product\/smartia-fc80\/","name":"Smartia FC80 - Pikark","isPartOf":{"@id":"https:\/\/pikark.com\/#website"},"datePublished":"2022-04-16T11:16:04+00:00","dateModified":"2022-11-17T08:51:00+00:00","description":"N\u00eb t\u00eb nj\u00ebjt\u00ebn koh\u00eb, ofron nj\u00eb shum\u00ebllojshm\u00ebri zgjidhjesh teknike dhe aplikimeve me nj\u00eb nivel t\u00eb lart\u00eb inovacioni, duke qen\u00eb padyshim nj\u00eb mjet","breadcrumb":{"@id":"https:\/\/pikark.com\/product\/smartia-fc80\/#breadcrumb"},"inLanguage":"en-US","potentialAction":[{"@type":"ReadAction","target":["https:\/\/pikark.com\/product\/smartia-fc80\/"]}]},{"@type":"BreadcrumbList","@id":"https:\/\/pikark.com\/product\/smartia-fc80\/#breadcrumb","itemListElement":[{"@type":"ListItem","position":1,"name":"Home","item":"https:\/\/pikark.com\/"},{"@type":"ListItem","position":2,"name":"Shop","item":"https:\/\/pikark.com\/en\/shop\/"},{"@type":"ListItem","position":3,"name":"Smartia FC80"}]},{"@type":"WebSite","@id":"https:\/\/pikark.com\/#website","url":"https:\/\/pikark.com\/","name":"Pikark","description":"Explore inspiring projects and find the right architects, brand &amp; manufacturers!","publisher":{"@id":"https:\/\/pikark.com\/#organization"},"potentialAction":[{"@type":"SearchAction","target":{"@type":"EntryPoint","urlTemplate":"https:\/\/pikark.com\/?s={search_term_string}"},"query-input":"required name=search_term_string"}],"inLanguage":"en-US"},{"@type":"Organization","@id":"https:\/\/pikark.com\/#organization","name":"Pikark","url":"https:\/\/pikark.com\/","logo":{"@type":"ImageObject","inLanguage":"en-US","@id":"https:\/\/pikark.com\/#\/schema\/logo\/image\/","url":"https:\/\/pikark.com\/wp-content\/uploads\/2020\/12\/LOGO_PIKARK-01-1.png","contentUrl":"https:\/\/pikark.com\/wp-content\/uploads\/2020\/12\/LOGO_PIKARK-01-1.png","width":2362,"height":2362,"caption":"Pikark"},"image":{"@id":"https:\/\/pikark.com\/#\/schema\/logo\/image\/"},"sameAs":["https:\/\/www.facebook.com\/pikark.al","https:\/\/www.instagram.com\/pik.ark\/"]}]}},"_links":{"self":[{"href":"https:\/\/pikark.com\/en\/wp-json\/wp\/v2\/product\/22414"}],"collection":[{"href":"https:\/\/pikark.com\/en\/wp-json\/wp\/v2\/product"}],"about":[{"href":"https:\/\/pikark.com\/en\/wp-json\/wp\/v2\/types\/product"}],"replies":[{"embeddable":true,"href":"https:\/\/pikark.com\/en\/wp-json\/wp\/v2\/comments?post=22414"}],"wp:featuredmedia":[{"embeddable":true,"href":"https:\/\/pikark.com\/en\/wp-json\/wp\/v2\/media\/22419"}],"wp:attachment":[{"href":"https:\/\/pikark.com\/en\/wp-json\/wp\/v2\/media?parent=22414"}],"wp:term":[{"taxonomy":"product_cat","embeddable":true,"href":"https:\/\/pikark.com\/en\/wp-json\/wp\/v2\/product_cat?post=22414"},{"taxonomy":"product_tag","embeddable":true,"href":"https:\/\/pikark.com\/en\/wp-json\/wp\/v2\/product_tag?post=22414"}],"curies":[{"name":"wp","href":"https:\/\/api.w.org\/{rel}","templated":true}]}}