{"id":21789,"date":"2021-04-21T13:34:37","date_gmt":"2021-04-21T13:34:37","guid":{"rendered":"https:\/\/pikark.com\/?post_type=product&#038;p=21789"},"modified":"2026-03-27T21:50:00","modified_gmt":"2026-03-27T21:50:00","slug":"fragmente-te-arkitektures-bashkekohore-shqiptare","status":"publish","type":"product","link":"https:\/\/pikark.com\/en\/product\/fragmente-te-arkitektures-bashkekohore-shqiptare\/","title":{"rendered":"Fragments of the Contemporary Albanian Architecture, Armand Vokshi &#038; Nesila Hajdini"},"content":{"rendered":"<p><\/p>\n<div class=\"o9v6fnle cxmmr5t8 oygrvhab hcukyx3x c1et5uql ii04i59q\">\n<div dir=\"auto\"><strong>Fragments of the Contemporary Albanian Architecture<\/strong><\/div>\n<\/div>\n<div dir=\"auto\">\n<p>This overview is a catalog of the 21st Century of contemporary Albanian architecture in the Albanian regions, an ambitious and extremely valuable project, that was significantly missed to our readers until the present.<\/p>\n<p>The book is an architectural overview of the achievements \u00a0in the field of Albanian contemporary\u00a0 architecture \u00a0over the last two decades. \u00a0We hereby give this estimation \u00a0simply because we find therein \u00a0examples of the Albanian \u00a0architecture traced, collected and presented, which gives in this presentation an information in \u00a0both national and international level.<\/p>\n<\/div>\n<div class=\"o9v6fnle cxmmr5t8 oygrvhab hcukyx3x c1et5uql ii04i59q\">\n<div dir=\"auto\"><\/div>\n<\/div>\n<div class=\"o9v6fnle cxmmr5t8 oygrvhab hcukyx3x c1et5uql ii04i59q\">\n<div dir=\"auto\">Autor\u00ebt \/ Authors:<\/div>\n<div dir=\"auto\"><strong><a href=\"https:\/\/pikark.com\/en\/members\/nh\/listings\/\">Nesila Hajdini<\/a><\/strong><\/div>\n<div dir=\"auto\"><a href=\"https:\/\/pikark.com\/en\/members\/avatelier\/listings\/\"><strong>Armand Vokshi<\/strong><\/a><\/div>\n<div dir=\"auto\"><\/div>\n<\/div>\n<div class=\"o9v6fnle cxmmr5t8 oygrvhab hcukyx3x c1et5uql ii04i59q\">\n<div dir=\"auto\">Text editing:<\/div>\n<div dir=\"auto\"><strong>Anisa Ymeri<\/strong><\/div>\n<\/div>\n<div class=\"o9v6fnle cxmmr5t8 oygrvhab hcukyx3x c1et5uql ii04i59q\">\n<div dir=\"auto\">Translation (english):<\/div>\n<div dir=\"auto\"><strong>Dea Hidi<\/strong><\/div>\n<\/div>\n<div class=\"o9v6fnle cxmmr5t8 oygrvhab hcukyx3x c1et5uql ii04i59q\">\n<div dir=\"auto\">Text editing (english):<\/div>\n<div dir=\"auto\"><strong>Sokol Dervishi<\/strong><\/div>\n<\/div>\n<div class=\"o9v6fnle cxmmr5t8 oygrvhab hcukyx3x c1et5uql ii04i59q\">\n<div dir=\"auto\">Cover design:<\/div>\n<div dir=\"auto\"><strong>Ermal Bezhani<\/strong><\/div>\n<\/div>\n<div class=\"o9v6fnle cxmmr5t8 oygrvhab hcukyx3x c1et5uql ii04i59q\">\n<div dir=\"auto\">Layout design:<\/div>\n<div dir=\"auto\"><strong>Dea Hidi<\/strong><\/div>\n<\/div>\n<div class=\"o9v6fnle cxmmr5t8 oygrvhab hcukyx3x c1et5uql ii04i59q\">\n<div dir=\"auto\">Publisher:<\/div>\n<div dir=\"auto\"><strong>GentGrafik<\/strong><\/div>\n<div dir=\"auto\">\n<p>Shipping for\u00a0 Kosovo &amp; North Republic of Macedonia\u00a0 6.5 euro<\/p>\n<p>Tirane : 150 &#8211; 200 Leke<\/p>\n<\/div>\n<\/div>\n<p><\/p>","protected":false},"excerpt":{"rendered":"<div class=\"o9v6fnle cxmmr5t8 oygrvhab hcukyx3x c1et5uql ii04i59q\">\n<div dir=\"auto\"><strong>Fragments of the Contemporary Albanian Architecture<\/strong><\/div>\n<\/div>\n<div dir=\"auto\">\n<p>This overview is a catalog of the 21st Century of contemporary Albanian architecture in the Albanian regions, an ambitious and extremely valuable project, that was significantly missed to our readers until the present.<\/p>\n<p>The book is an architectural overview of the achievements \u00a0in the field of Albanian contemporary\u00a0 architecture \u00a0over the last two decades. \u00a0We hereby give this estimation \u00a0simply because we find therein \u00a0examples of the Albanian \u00a0architecture traced, collected and presented, which gives in this presentation an information in \u00a0both national and international level.<\/p>\n<\/div>\n","protected":false},"featured_media":21792,"comment_status":"open","ping_status":"closed","template":"","meta":[],"product_cat":[817],"product_tag":[820,818,819],"yoast_head":"<!-- This site is optimized with the Yoast SEO plugin v21.7 - https:\/\/yoast.com\/wordpress\/plugins\/seo\/ -->\n<title>Fragments of the Contemporary Albanian Architecture, Armand Vokshi &amp; Nesila Hajdini - Pikark<\/title>\n<meta name=\"description\" content=\"Nj\u00eb lib\u00ebr dedikuar arkitektur\u00ebs sjell\u00eb fragmente t\u00eb arkitektur\u00ebs bashk\u00ebkohore Shqipatre nga 20 arkitekte nga Shqip\u00ebria e Kosova dhe 1 nga RMV\" \/>\n<meta name=\"robots\" content=\"index, follow, max-snippet:-1, max-image-preview:large, max-video-preview:-1\" \/>\n<link rel=\"canonical\" href=\"https:\/\/pikark.com\/product\/fragmente-te-arkitektures-bashkekohore-shqiptare\/\" \/>\n<meta property=\"og:locale\" content=\"en_US\" \/>\n<meta property=\"og:type\" content=\"article\" \/>\n<meta property=\"og:title\" content=\"Fragments of the Contemporary Albanian Architecture, Armand Vokshi &amp; Nesila Hajdini - Pikark\" \/>\n<meta property=\"og:description\" content=\"Nj\u00eb lib\u00ebr dedikuar arkitektur\u00ebs sjell\u00eb fragmente t\u00eb arkitektur\u00ebs bashk\u00ebkohore Shqipatre nga 20 arkitekte nga Shqip\u00ebria e Kosova dhe 1 nga RMV\" \/>\n<meta property=\"og:url\" content=\"https:\/\/pikark.com\/product\/fragmente-te-arkitektures-bashkekohore-shqiptare\/\" \/>\n<meta property=\"og:site_name\" content=\"Pikark\" \/>\n<meta property=\"article:publisher\" content=\"https:\/\/www.facebook.com\/pikark.al\" \/>\n<meta property=\"article:modified_time\" content=\"2026-03-27T21:50:00+00:00\" \/>\n<meta property=\"og:image\" content=\"https:\/\/pikark.com\/wp-content\/uploads\/2021\/03\/01.jpg\" \/>\n\t<meta property=\"og:image:width\" content=\"609\" \/>\n\t<meta property=\"og:image:height\" content=\"700\" \/>\n\t<meta property=\"og:image:type\" content=\"image\/jpeg\" \/>\n<meta name=\"twitter:card\" content=\"summary_large_image\" \/>\n<meta name=\"twitter:label1\" content=\"Est. reading time\" \/>\n\t<meta name=\"twitter:data1\" content=\"2 minutes\" \/>\n<script type=\"application\/ld+json\" class=\"yoast-schema-graph\">{\"@context\":\"https:\/\/schema.org\",\"@graph\":[{\"@type\":\"WebPage\",\"@id\":\"https:\/\/pikark.com\/product\/fragmente-te-arkitektures-bashkekohore-shqiptare\/\",\"url\":\"https:\/\/pikark.com\/product\/fragmente-te-arkitektures-bashkekohore-shqiptare\/\",\"name\":\"[:sq]Fragmente t\u00eb Arkitektur\u00ebs Bashk\u00ebkohore Shqiptare, Armand Vokshi & Nesila Hajdini[:en]Fragments of the Contemporary Albanian Architecture, Armand Vokshi & Nesila Hajdini[:] - Pikark\",\"isPartOf\":{\"@id\":\"https:\/\/pikark.com\/#website\"},\"datePublished\":\"2021-04-21T13:34:37+00:00\",\"dateModified\":\"2026-03-27T21:50:00+00:00\",\"description\":\"Nj\u00eb lib\u00ebr dedikuar arkitektur\u00ebs sjell\u00eb fragmente t\u00eb arkitektur\u00ebs bashk\u00ebkohore Shqipatre nga 20 arkitekte nga Shqip\u00ebria e Kosova dhe 1 nga RMV\",\"breadcrumb\":{\"@id\":\"https:\/\/pikark.com\/product\/fragmente-te-arkitektures-bashkekohore-shqiptare\/#breadcrumb\"},\"inLanguage\":\"en-US\",\"potentialAction\":[{\"@type\":\"ReadAction\",\"target\":[\"https:\/\/pikark.com\/product\/fragmente-te-arkitektures-bashkekohore-shqiptare\/\"]}]},{\"@type\":\"BreadcrumbList\",\"@id\":\"https:\/\/pikark.com\/product\/fragmente-te-arkitektures-bashkekohore-shqiptare\/#breadcrumb\",\"itemListElement\":[{\"@type\":\"ListItem\",\"position\":1,\"name\":\"Home\",\"item\":\"https:\/\/pikark.com\/\"},{\"@type\":\"ListItem\",\"position\":2,\"name\":\"Shop\",\"item\":\"https:\/\/pikark.com\/en\/shop\/\"},{\"@type\":\"ListItem\",\"position\":3,\"name\":\"Fragmente t\u00eb Arkitektur\u00ebs Bashk\u00ebkohore Shqiptare, Armand Vokshi &#038; Nesila Hajdini\"}]},{\"@type\":\"WebSite\",\"@id\":\"https:\/\/pikark.com\/#website\",\"url\":\"https:\/\/pikark.com\/\",\"name\":\"Pikark\",\"description\":\"Explore inspiring projects and find the right architects, brand &amp; manufacturers!\",\"publisher\":{\"@id\":\"https:\/\/pikark.com\/#organization\"},\"potentialAction\":[{\"@type\":\"SearchAction\",\"target\":{\"@type\":\"EntryPoint\",\"urlTemplate\":\"https:\/\/pikark.com\/?s={search_term_string}\"},\"query-input\":\"required name=search_term_string\"}],\"inLanguage\":\"en-US\"},{\"@type\":\"Organization\",\"@id\":\"https:\/\/pikark.com\/#organization\",\"name\":\"Pikark\",\"url\":\"https:\/\/pikark.com\/\",\"logo\":{\"@type\":\"ImageObject\",\"inLanguage\":\"en-US\",\"@id\":\"https:\/\/pikark.com\/#\/schema\/logo\/image\/\",\"url\":\"https:\/\/pikark.com\/wp-content\/uploads\/2020\/12\/LOGO_PIKARK-01-1.png\",\"contentUrl\":\"https:\/\/pikark.com\/wp-content\/uploads\/2020\/12\/LOGO_PIKARK-01-1.png\",\"width\":2362,\"height\":2362,\"caption\":\"Pikark\"},\"image\":{\"@id\":\"https:\/\/pikark.com\/#\/schema\/logo\/image\/\"},\"sameAs\":[\"https:\/\/www.facebook.com\/pikark.al\",\"https:\/\/www.instagram.com\/pik.ark\/\"]}]}<\/script>\n<!-- \/ Yoast SEO plugin. -->","yoast_head_json":{"title":"Fragments of the Contemporary Albanian Architecture, Armand Vokshi & Nesila Hajdini - Pikark","description":"Nj\u00eb lib\u00ebr dedikuar arkitektur\u00ebs sjell\u00eb fragmente t\u00eb arkitektur\u00ebs bashk\u00ebkohore Shqipatre nga 20 arkitekte nga Shqip\u00ebria e Kosova dhe 1 nga RMV","robots":{"index":"index","follow":"follow","max-snippet":"max-snippet:-1","max-image-preview":"max-image-preview:large","max-video-preview":"max-video-preview:-1"},"canonical":"https:\/\/pikark.com\/product\/fragmente-te-arkitektures-bashkekohore-shqiptare\/","og_locale":"en_US","og_type":"article","og_title":"Fragments of the Contemporary Albanian Architecture, Armand Vokshi & Nesila Hajdini - Pikark","og_description":"Nj\u00eb lib\u00ebr dedikuar arkitektur\u00ebs sjell\u00eb fragmente t\u00eb arkitektur\u00ebs bashk\u00ebkohore Shqipatre nga 20 arkitekte nga Shqip\u00ebria e Kosova dhe 1 nga RMV","og_url":"https:\/\/pikark.com\/product\/fragmente-te-arkitektures-bashkekohore-shqiptare\/","og_site_name":"Pikark","article_publisher":"https:\/\/www.facebook.com\/pikark.al","article_modified_time":"2026-03-27T21:50:00+00:00","og_image":[{"width":609,"height":700,"url":"https:\/\/pikark.com\/wp-content\/uploads\/2021\/03\/01.jpg","type":"image\/jpeg"}],"twitter_card":"summary_large_image","twitter_misc":{"Est. reading time":"2 minutes"},"schema":{"@context":"https:\/\/schema.org","@graph":[{"@type":"WebPage","@id":"https:\/\/pikark.com\/product\/fragmente-te-arkitektures-bashkekohore-shqiptare\/","url":"https:\/\/pikark.com\/product\/fragmente-te-arkitektures-bashkekohore-shqiptare\/","name":"[:sq]Fragmente t\u00eb Arkitektur\u00ebs Bashk\u00ebkohore Shqiptare, Armand Vokshi & Nesila Hajdini[:en]Fragments of the Contemporary Albanian Architecture, Armand Vokshi & Nesila Hajdini[:] - Pikark","isPartOf":{"@id":"https:\/\/pikark.com\/#website"},"datePublished":"2021-04-21T13:34:37+00:00","dateModified":"2026-03-27T21:50:00+00:00","description":"Nj\u00eb lib\u00ebr dedikuar arkitektur\u00ebs sjell\u00eb fragmente t\u00eb arkitektur\u00ebs bashk\u00ebkohore Shqipatre nga 20 arkitekte nga Shqip\u00ebria e Kosova dhe 1 nga RMV","breadcrumb":{"@id":"https:\/\/pikark.com\/product\/fragmente-te-arkitektures-bashkekohore-shqiptare\/#breadcrumb"},"inLanguage":"en-US","potentialAction":[{"@type":"ReadAction","target":["https:\/\/pikark.com\/product\/fragmente-te-arkitektures-bashkekohore-shqiptare\/"]}]},{"@type":"BreadcrumbList","@id":"https:\/\/pikark.com\/product\/fragmente-te-arkitektures-bashkekohore-shqiptare\/#breadcrumb","itemListElement":[{"@type":"ListItem","position":1,"name":"Home","item":"https:\/\/pikark.com\/"},{"@type":"ListItem","position":2,"name":"Shop","item":"https:\/\/pikark.com\/en\/shop\/"},{"@type":"ListItem","position":3,"name":"Fragmente t\u00eb Arkitektur\u00ebs Bashk\u00ebkohore Shqiptare, Armand Vokshi &#038; Nesila Hajdini"}]},{"@type":"WebSite","@id":"https:\/\/pikark.com\/#website","url":"https:\/\/pikark.com\/","name":"Pikark","description":"Explore inspiring projects and find the right architects, brand &amp; manufacturers!","publisher":{"@id":"https:\/\/pikark.com\/#organization"},"potentialAction":[{"@type":"SearchAction","target":{"@type":"EntryPoint","urlTemplate":"https:\/\/pikark.com\/?s={search_term_string}"},"query-input":"required name=search_term_string"}],"inLanguage":"en-US"},{"@type":"Organization","@id":"https:\/\/pikark.com\/#organization","name":"Pikark","url":"https:\/\/pikark.com\/","logo":{"@type":"ImageObject","inLanguage":"en-US","@id":"https:\/\/pikark.com\/#\/schema\/logo\/image\/","url":"https:\/\/pikark.com\/wp-content\/uploads\/2020\/12\/LOGO_PIKARK-01-1.png","contentUrl":"https:\/\/pikark.com\/wp-content\/uploads\/2020\/12\/LOGO_PIKARK-01-1.png","width":2362,"height":2362,"caption":"Pikark"},"image":{"@id":"https:\/\/pikark.com\/#\/schema\/logo\/image\/"},"sameAs":["https:\/\/www.facebook.com\/pikark.al","https:\/\/www.instagram.com\/pik.ark\/"]}]}},"_links":{"self":[{"href":"https:\/\/pikark.com\/en\/wp-json\/wp\/v2\/product\/21789"}],"collection":[{"href":"https:\/\/pikark.com\/en\/wp-json\/wp\/v2\/product"}],"about":[{"href":"https:\/\/pikark.com\/en\/wp-json\/wp\/v2\/types\/product"}],"replies":[{"embeddable":true,"href":"https:\/\/pikark.com\/en\/wp-json\/wp\/v2\/comments?post=21789"}],"wp:featuredmedia":[{"embeddable":true,"href":"https:\/\/pikark.com\/en\/wp-json\/wp\/v2\/media\/21792"}],"wp:attachment":[{"href":"https:\/\/pikark.com\/en\/wp-json\/wp\/v2\/media?parent=21789"}],"wp:term":[{"taxonomy":"product_cat","embeddable":true,"href":"https:\/\/pikark.com\/en\/wp-json\/wp\/v2\/product_cat?post=21789"},{"taxonomy":"product_tag","embeddable":true,"href":"https:\/\/pikark.com\/en\/wp-json\/wp\/v2\/product_tag?post=21789"}],"curies":[{"name":"wp","href":"https:\/\/api.w.org\/{rel}","templated":true}]}}