{"id":19207,"date":"2021-01-14T11:02:50","date_gmt":"2021-01-14T11:02:50","guid":{"rendered":"https:\/\/pikark.com\/?post_type=product&#038;p=19207"},"modified":"2021-01-22T13:56:36","modified_gmt":"2021-01-22T13:56:36","slug":"nebula","status":"publish","type":"product","link":"https:\/\/pikark.com\/en\/product\/nebula\/","title":{"rendered":"Nebula"},"content":{"rendered":"<p>Nebula \u00ebsht\u00eb nj\u00eb shp\u00ebrthim drite si nj\u00eb galaktik\u00eb yjesh. Forma e ndri\u00e7uesit, mbres\u00ebl\u00ebn\u00ebse dhe e jasht\u00ebzakonshme, e projektuar nga Joris Laarman n\u00eb 2007 p\u00ebr Flos, lindi nga loja dhe kompozimi i disa abazhur\u00ebve prej qelqi me madh\u00ebsi t\u00eb ndryshme. Kombinimi i formave t\u00eb ndryshme n\u00eb k\u00ebt\u00eb ndri\u00e7ues t\u00eb varur krijon nj\u00eb pamje unike, elegante. Nebula ka nj\u00eb pamje t\u00eb qart\u00eb, por edhe kaotike n\u00eb t\u00eb nj\u00ebjt\u00ebn koh\u00eb, q\u00eb l\u00ebshon drit\u00eb t\u00eb k\u00ebndshme dhe t\u00eb shp\u00ebrndar\u00eb n\u00eb t\u00eb gjith\u00eb dhom\u00ebn. Trupi qendror i ndri\u00e7uesit \u00ebsht\u00eb b\u00ebr\u00eb nga alumini i derdhur, nd\u00ebrsa 10 kone me madh\u00ebsi t\u00eb ndryshme jan\u00eb b\u00ebr\u00eb nga xhami i fryr\u00eb. \u00a0 \u201cE krijova k\u00ebt\u00eb version me xham t\u00eb fryr\u00eb duke u inspiruar nga nj\u00eb tuf\u00eb abazhur\u00ebsh t\u00eb vjet\u00ebr q\u00eb gjeta n\u00eb nj\u00eb treg vendas vjet\u00ebrsirash. Nd\u00ebrsa i zhvendosja n\u00eb kompozime t\u00eb ndryshme, mua m\u00eb b\u00ebri p\u00ebrshtypje forca e imazhit q\u00eb u shfaq nga kombinimi i tyre si nj\u00eb shp\u00ebrthim drite, me pothuajse asnj\u00eb simetri, por me nj\u00eb harmoni natyrore n\u00eb p\u00ebrb\u00ebrjen e saj. &#8221; \u2013 Joris Laarman<\/p>\n","protected":false},"excerpt":{"rendered":"<p>DIZAJNI: JORIS LAARMAN, 2007 FLOS<\/p>\n","protected":false},"featured_media":19208,"comment_status":"open","ping_status":"closed","template":"","meta":[],"product_cat":[648,649,650,666],"product_tag":[816],"yoast_head":"<!-- This site is optimized with the Yoast SEO plugin v21.7 - https:\/\/yoast.com\/wordpress\/plugins\/seo\/ -->\n<title>Nebula - Pikark<\/title>\n<meta name=\"robots\" content=\"index, follow, max-snippet:-1, max-image-preview:large, max-video-preview:-1\" \/>\n<link rel=\"canonical\" href=\"https:\/\/pikark.com\/product\/nebula\/\" \/>\n<meta property=\"og:locale\" content=\"en_US\" \/>\n<meta property=\"og:type\" content=\"article\" \/>\n<meta property=\"og:title\" content=\"Nebula - Pikark\" \/>\n<meta property=\"og:description\" content=\"DIZAJNI: JORIS LAARMAN, 2007 FLOS\" \/>\n<meta property=\"og:url\" content=\"https:\/\/pikark.com\/product\/nebula\/\" \/>\n<meta property=\"og:site_name\" content=\"Pikark\" \/>\n<meta property=\"article:publisher\" content=\"https:\/\/www.facebook.com\/pikark.al\" \/>\n<meta property=\"article:modified_time\" content=\"2021-01-22T13:56:36+00:00\" \/>\n<meta property=\"og:image\" content=\"https:\/\/pikark.com\/wp-content\/uploads\/2021\/01\/ezgif-7-3e139c651726.jpg\" \/>\n\t<meta property=\"og:image:width\" content=\"1000\" \/>\n\t<meta property=\"og:image:height\" content=\"1000\" \/>\n\t<meta property=\"og:image:type\" content=\"image\/jpeg\" \/>\n<meta name=\"twitter:card\" content=\"summary_large_image\" \/>\n<meta name=\"twitter:label1\" content=\"Est. reading time\" \/>\n\t<meta name=\"twitter:data1\" content=\"1 minute\" \/>\n<script type=\"application\/ld+json\" class=\"yoast-schema-graph\">{\"@context\":\"https:\/\/schema.org\",\"@graph\":[{\"@type\":\"WebPage\",\"@id\":\"https:\/\/pikark.com\/product\/nebula\/\",\"url\":\"https:\/\/pikark.com\/product\/nebula\/\",\"name\":\"Nebula - Pikark\",\"isPartOf\":{\"@id\":\"https:\/\/pikark.com\/#website\"},\"datePublished\":\"2021-01-14T11:02:50+00:00\",\"dateModified\":\"2021-01-22T13:56:36+00:00\",\"breadcrumb\":{\"@id\":\"https:\/\/pikark.com\/product\/nebula\/#breadcrumb\"},\"inLanguage\":\"en-US\",\"potentialAction\":[{\"@type\":\"ReadAction\",\"target\":[\"https:\/\/pikark.com\/product\/nebula\/\"]}]},{\"@type\":\"BreadcrumbList\",\"@id\":\"https:\/\/pikark.com\/product\/nebula\/#breadcrumb\",\"itemListElement\":[{\"@type\":\"ListItem\",\"position\":1,\"name\":\"Home\",\"item\":\"https:\/\/pikark.com\/\"},{\"@type\":\"ListItem\",\"position\":2,\"name\":\"Shop\",\"item\":\"https:\/\/pikark.com\/en\/shop\/\"},{\"@type\":\"ListItem\",\"position\":3,\"name\":\"Nebula\"}]},{\"@type\":\"WebSite\",\"@id\":\"https:\/\/pikark.com\/#website\",\"url\":\"https:\/\/pikark.com\/\",\"name\":\"Pikark\",\"description\":\"Explore inspiring projects and find the right architects, brand &amp; manufacturers!\",\"publisher\":{\"@id\":\"https:\/\/pikark.com\/#organization\"},\"potentialAction\":[{\"@type\":\"SearchAction\",\"target\":{\"@type\":\"EntryPoint\",\"urlTemplate\":\"https:\/\/pikark.com\/?s={search_term_string}\"},\"query-input\":\"required name=search_term_string\"}],\"inLanguage\":\"en-US\"},{\"@type\":\"Organization\",\"@id\":\"https:\/\/pikark.com\/#organization\",\"name\":\"Pikark\",\"url\":\"https:\/\/pikark.com\/\",\"logo\":{\"@type\":\"ImageObject\",\"inLanguage\":\"en-US\",\"@id\":\"https:\/\/pikark.com\/#\/schema\/logo\/image\/\",\"url\":\"https:\/\/pikark.com\/wp-content\/uploads\/2020\/12\/LOGO_PIKARK-01-1.png\",\"contentUrl\":\"https:\/\/pikark.com\/wp-content\/uploads\/2020\/12\/LOGO_PIKARK-01-1.png\",\"width\":2362,\"height\":2362,\"caption\":\"Pikark\"},\"image\":{\"@id\":\"https:\/\/pikark.com\/#\/schema\/logo\/image\/\"},\"sameAs\":[\"https:\/\/www.facebook.com\/pikark.al\",\"https:\/\/www.instagram.com\/pik.ark\/\"]}]}<\/script>\n<!-- \/ Yoast SEO plugin. -->","yoast_head_json":{"title":"Nebula - Pikark","robots":{"index":"index","follow":"follow","max-snippet":"max-snippet:-1","max-image-preview":"max-image-preview:large","max-video-preview":"max-video-preview:-1"},"canonical":"https:\/\/pikark.com\/product\/nebula\/","og_locale":"en_US","og_type":"article","og_title":"Nebula - Pikark","og_description":"DIZAJNI: JORIS LAARMAN, 2007 FLOS","og_url":"https:\/\/pikark.com\/product\/nebula\/","og_site_name":"Pikark","article_publisher":"https:\/\/www.facebook.com\/pikark.al","article_modified_time":"2021-01-22T13:56:36+00:00","og_image":[{"width":1000,"height":1000,"url":"https:\/\/pikark.com\/wp-content\/uploads\/2021\/01\/ezgif-7-3e139c651726.jpg","type":"image\/jpeg"}],"twitter_card":"summary_large_image","twitter_misc":{"Est. reading time":"1 minute"},"schema":{"@context":"https:\/\/schema.org","@graph":[{"@type":"WebPage","@id":"https:\/\/pikark.com\/product\/nebula\/","url":"https:\/\/pikark.com\/product\/nebula\/","name":"Nebula - Pikark","isPartOf":{"@id":"https:\/\/pikark.com\/#website"},"datePublished":"2021-01-14T11:02:50+00:00","dateModified":"2021-01-22T13:56:36+00:00","breadcrumb":{"@id":"https:\/\/pikark.com\/product\/nebula\/#breadcrumb"},"inLanguage":"en-US","potentialAction":[{"@type":"ReadAction","target":["https:\/\/pikark.com\/product\/nebula\/"]}]},{"@type":"BreadcrumbList","@id":"https:\/\/pikark.com\/product\/nebula\/#breadcrumb","itemListElement":[{"@type":"ListItem","position":1,"name":"Home","item":"https:\/\/pikark.com\/"},{"@type":"ListItem","position":2,"name":"Shop","item":"https:\/\/pikark.com\/en\/shop\/"},{"@type":"ListItem","position":3,"name":"Nebula"}]},{"@type":"WebSite","@id":"https:\/\/pikark.com\/#website","url":"https:\/\/pikark.com\/","name":"Pikark","description":"Explore inspiring projects and find the right architects, brand &amp; manufacturers!","publisher":{"@id":"https:\/\/pikark.com\/#organization"},"potentialAction":[{"@type":"SearchAction","target":{"@type":"EntryPoint","urlTemplate":"https:\/\/pikark.com\/?s={search_term_string}"},"query-input":"required name=search_term_string"}],"inLanguage":"en-US"},{"@type":"Organization","@id":"https:\/\/pikark.com\/#organization","name":"Pikark","url":"https:\/\/pikark.com\/","logo":{"@type":"ImageObject","inLanguage":"en-US","@id":"https:\/\/pikark.com\/#\/schema\/logo\/image\/","url":"https:\/\/pikark.com\/wp-content\/uploads\/2020\/12\/LOGO_PIKARK-01-1.png","contentUrl":"https:\/\/pikark.com\/wp-content\/uploads\/2020\/12\/LOGO_PIKARK-01-1.png","width":2362,"height":2362,"caption":"Pikark"},"image":{"@id":"https:\/\/pikark.com\/#\/schema\/logo\/image\/"},"sameAs":["https:\/\/www.facebook.com\/pikark.al","https:\/\/www.instagram.com\/pik.ark\/"]}]}},"_links":{"self":[{"href":"https:\/\/pikark.com\/en\/wp-json\/wp\/v2\/product\/19207"}],"collection":[{"href":"https:\/\/pikark.com\/en\/wp-json\/wp\/v2\/product"}],"about":[{"href":"https:\/\/pikark.com\/en\/wp-json\/wp\/v2\/types\/product"}],"replies":[{"embeddable":true,"href":"https:\/\/pikark.com\/en\/wp-json\/wp\/v2\/comments?post=19207"}],"wp:featuredmedia":[{"embeddable":true,"href":"https:\/\/pikark.com\/en\/wp-json\/wp\/v2\/media\/19208"}],"wp:attachment":[{"href":"https:\/\/pikark.com\/en\/wp-json\/wp\/v2\/media?parent=19207"}],"wp:term":[{"taxonomy":"product_cat","embeddable":true,"href":"https:\/\/pikark.com\/en\/wp-json\/wp\/v2\/product_cat?post=19207"},{"taxonomy":"product_tag","embeddable":true,"href":"https:\/\/pikark.com\/en\/wp-json\/wp\/v2\/product_tag?post=19207"}],"curies":[{"name":"wp","href":"https:\/\/api.w.org\/{rel}","templated":true}]}}