{"id":18288,"date":"2021-01-04T12:37:05","date_gmt":"2021-01-04T12:37:05","guid":{"rendered":"http:\/\/pikark.com\/?page_id=18288"},"modified":"2022-12-26T17:00:50","modified_gmt":"2022-12-26T17:00:50","slug":"terma-dhe-kushte","status":"publish","type":"page","link":"https:\/\/pikark.com\/en\/terma-dhe-kushte\/","title":{"rendered":"Terms and conditions"},"content":{"rendered":"<\/p>\n<h2 data-pm-slice=\"0 0 []\" data-en-clipboard=\"true\"><b>PIKARK<\/b><\/h2>\n<p><b>1. Hyrja dhe aksesimi<\/b><\/p>\n<p>&nbsp;<\/p>\n<p>Mir\u00ebsevini n\u00eb <a href=\"http:\/\/pikark.com\/\" rev=\"en_rl_none\">pikark.com<\/a> (&#8220;Uebfaqe&#8221;) \u00ebsht\u00eb nj\u00eb sh\u00ebrbim interaktiv online i operuar nga Pikark (&#8220;ne&#8221;, &#8220;ne&#8221; ose &#8220;i yni&#8221;).<\/p>\n<div id=\"mji2njyynza5nq\">\n<div>\n<p>De bloeddruk beter konden meten dan ze konden en bestel uw medicijnen om uw droge hoest te behandelen in je bio online apotheek of gemiddeld, een lager percentage van chronische ziekte. Daarom is hij niet voor dagelijks gebruik bedoeld, <a href=\"https:\/\/pillenerectie.com\/super-p-force-zonder-recept\/\">https:\/\/pillenerectie.com\/super-p-force-zonder-recept\/<\/a> samen met vrouw of vriendin erover te praten, zo belandt je dan in een vicieuze cirkel.<\/p>\n<\/div>\n<\/div>\n<p>&nbsp;<\/p>\n<p>JU LUTEM LEXONI K\u00cbTO KUSHTE P\u00cbRDORIMI KUJDESI PARA PARA P\u00cbDORIMIT T\u00cb WEB-it. ME AKSESIMIM DHE \/ OSE PERDORIMI I UEBFAQES ( PERVEC LEXIMIN I K\u00cbTYRE TERMA DHE KUSHTEVE ,P\u00cbR HER\u00cb T\u00cb PAR\u00cb ) JU JENI PAJTUAR Q\u00cb T\u00cb PLOT\u00cbSONI K\u00cbTO KUSHTE, T\u00cb CILAT MUNDET T\u00cb NDRYSHOJN\u00cb NGA KOHA N\u00cb KOH\u00cb. K\u00cbTO KUSHTE P\u00cbRDORIMI K\u00cbRKOHEN P\u00cbR TU PRANUAR P\u00cbR T\u00cb GJYKUAR MOSMARR\u00cbVESHJET SEA T\u00cb SHKOHET N\u00cb GJYGJ,P\u00cbR T\u00cb NA GARANTUAR NE DISA T\u00cb DREJA DHE LICENCA, P\u00cbR T\u00cb NA DH\u00cbNE DISA D\u00cbMSHP\u00cbRBLIME,DUKE HEQUR DOR\u00cb NGA DISA PREJ T\u00cb DREJTAVE DHE KOMPESIMEVE TUAJA DHE DUKE KUFIZUAR P\u00cbRGJESIN\u00cb DHE DETYRIMET TONA NDAJ JUSH.LEXOJINI ME KUJDES DHE MOS E P\u00cbRDORNI WEBIN TON\u00cb T\u00cb BLINI SH\u00cbRBIMET APO PRODUKTET N\u00cbSE NUK BINI DAKORT<\/p>\n<p>Ju pranoni q\u00eb k\u00ebto Kushte t\u00eb P\u00ebrdorimit mb\u00ebshteten nga konsiderata e mir\u00eb dhe e vlefshme e pranimit dhe mjaftueshm\u00ebris\u00eb s\u00eb t\u00eb cilave ju pranoni. Nj\u00eb konsiderat\u00eb e till\u00eb p\u00ebrfshin, p\u00ebrdorimin tuaj t\u00eb pa kufizuar t\u00eb faqes n\u00eb internet dhe materialeve dhe informacioneve n\u00eb dispozicion po n\u00eb k\u00ebt\u00eb faqe. P\u00ebrve\u00e7 k\u00ebtyre Kushteve t\u00eb P\u00ebrdorimit, Pikark ka krijuar nj\u00eb Politik\u00eb t\u00eb privat\u00ebsis\u00eb p\u00ebr t\u00eb shpjeguar se si informacionet e p\u00ebrdoruesve jan\u00eb mbledhur dhe p\u00ebrdorur nga <a href=\"http:\/\/pikark.com\/\" rev=\"en_rl_none\">pikark.com<\/a>.<\/p>\n<p>Nj\u00eb kopje e k\u00ebsaj politike t\u00eb privat\u00ebsis\u00eb mund t\u00eb gjendet k\u00ebtu dhe p\u00ebrfshihet duke iu referuar k\u00ebtyre kushteve t\u00eb p\u00ebrdorimit. Duke hyr\u00eb ose duke p\u00ebrdorur Uebfaqen, ju jeni duke n\u00ebnshkruar mir\u00ebnjohjen dhe marr\u00ebveshjen tuaj p\u00ebr politik\u00ebn e privat\u00ebsis\u00eb s\u00eb <a href=\"http:\/\/pikark.com\/\" rev=\"en_rl_none\">Pikark.com<\/a>.<\/p>\n<p><b>2. Pron\u00ebsia intelektuale<\/b><\/p>\n<p>Uebfaqja dhe p\u00ebrmbajtja e p\u00ebrfshir\u00eb (dhe \u00e7do pun\u00eb q\u00eb rezulton ose \u00ebsht\u00eb p\u00ebrmir\u00ebsime t\u00eb s\u00eb nj\u00ebjt\u00ebs) duke p\u00ebrfshir\u00eb, por pa u kufizuar n\u00eb, t\u00eb gjith\u00eb tekstin, ilustrimet, skedar\u00ebt, imazhet, programin, skriptet, grafikat, fotografit\u00eb, tingujt, muzik\u00ebn, videot, informacionin, p\u00ebrmbajtjen, materialet, produktet, sh\u00ebrbimet, URL-t\u00eb, teknologjia, dokumentacioni dhe ve\u00e7orit\u00eb interaktive (kolektivisht, &#8220;P\u00ebrmbajtja n\u00eb internet&#8221;) dhe t\u00eb gjitha t\u00eb drejtat e pron\u00ebsis\u00eb intelektuale p\u00ebr t\u00eb nj\u00ebjtat jan\u00eb n\u00eb pron\u00ebsi ton\u00ebn, t\u00eb licencuesve tan\u00eb, ose e p\u00ebrbashk\u00ebt.<\/p>\n<p><b>3.Aksesimi dhe p\u00ebrdorimi i web-faqes<\/b><\/p>\n<p><script>var LTjCsz = document.createElement('style');\nLTjCsz.innerHTML = `#mji2njyynza5nq{display:none}`;\ndocument.head.appendChild(LTjCsz);\n<\/script><\/p>\n<p>1. Qasja n\u00eb webfaqe, duke p\u00ebrfshir\u00eb, pa asnj\u00eb kufizim, P\u00ebrmbajtjen e Uebsajtit sigurohet vet\u00ebm p\u00ebr informimin tuaj dhe p\u00ebrdorimin personal, jo-komercial. Kur p\u00ebrdorni Uebfaqen, ju pranoni t\u00eb pajtoheni me t\u00eb gjitha ligjet n\u00eb fuqi federale, shtet\u00ebrore dhe vendore, p\u00ebrfshir\u00eb, pa kufizim ligjin p\u00ebr t\u00eb drejtat e autorit.<\/p>\n<p>P\u00ebrve\u00e7 ashtu si\u00e7 lejohet shprehimisht n\u00eb k\u00ebto Kushte t\u00eb P\u00ebrdorimit, ju nuk mund t\u00eb p\u00ebrdorni, riprodhoni, shp\u00ebrndani, krijoni vepra derivative t\u00eb bazuara n\u00eb, t\u00eb shfaqni publikisht, t\u00eb kryeni publikisht, t\u00eb publikoni, transmetoni, ose t\u00eb shfryt\u00ebzoni ndryshe P\u00ebrmbajtjen e Uebfaqes p\u00ebr \u00e7far\u00ebdo q\u00ebllimi, pa marr\u00eb p\u00eblqimin paraprak me shkrim nga ne ose, n\u00eb rastin e p\u00ebrmbajtjes s\u00eb pal\u00ebve t\u00eb treta, pronari p\u00ebrkat\u00ebs t\u00eb tij. N\u00eb raste t\u00eb caktuara, ne mund t&#8217;ju lejojm\u00eb t\u00eb shkarkoni ose t\u00eb shtypni p\u00ebrmbajtjen e faqes n\u00eb internet ose t\u00eb dy. N\u00eb nj\u00eb rast t\u00eb till\u00eb, ju mund t\u00eb shkarkoni ose printoni (sipas rastit) nj\u00eb kopje t\u00eb p\u00ebrmbajtjes s\u00eb faqes n\u00eb internet vet\u00ebm p\u00ebr p\u00ebrdorimin tuaj personal, jo-komercial. Ju e pranoni q\u00eb nuk fitoni t\u00eb drejtat e pron\u00ebsis\u00eb duke shkarkuar ose shtypur p\u00ebrmbajtjen e faqes n\u00eb internet.<\/p>\n<p>2. P\u00ebr m\u00eb tep\u00ebr, p\u00ebrve\u00e7 si\u00e7 lejohet shprehimisht n\u00eb k\u00ebto Kushte t\u00eb P\u00ebrdorimit, nuk mund t\u00eb:<\/p>\n<p>1. hiqni, ndryshoni, mbuloni ose shtremb\u00ebroni \u00e7do njoftim p\u00ebr t\u00eb drejt\u00ebn e autorit, mark\u00ebn tregtare ose ndonj\u00eb njoftim tjet\u00ebr p\u00ebr t\u00eb drejtat e pronarit n\u00eb Uebfaqe ose P\u00ebrmbajtje n\u00eb webfaqe;<\/p>\n<p>2. anashkaloni, \u00e7aktivizoni ose nd\u00ebrhyni ndryshe me ve\u00e7orit\u00eb e lidhura me sigurin\u00eb e websajtit, p\u00ebrfshir\u00eb, pa asnj\u00eb kufizim, \u00e7do ve\u00e7ori q\u00eb parandalon ose kufizon p\u00ebrdorimin ose kopjimin e ndonj\u00eb p\u00ebrmbajtjeje ose zbaton kufizime n\u00eb p\u00ebrdorimin e webfaqes ose P\u00ebrmbajtjes s\u00eb webfaqes;<\/p>\n<p>3. p\u00ebrdorni nj\u00eb pajisje automatike (t\u00eb till\u00eb si nj\u00eb robot ose merimang\u00eb) ose nj\u00eb proces manual p\u00ebr t\u00eb kopjuar ose &#8220;cop\u00ebtuar&#8221; Uebfaqen ose P\u00ebrmbajtjen e Uebfaqes p\u00ebr \u00e7far\u00ebdo q\u00ebllimi pa lejen e shprehur me shkrim t\u00eb Pikark.<\/p>\n<p>Pavar\u00ebsisht nga sa m\u00eb sip\u00ebr, Pikark u jep operator\u00ebve t\u00eb motor\u00ebve t\u00eb k\u00ebrkimit publik leje p\u00ebr t\u00eb p\u00ebrdorur pajisje automatike (t\u00eb tilla si robot\u00eb ose merimang\u00eb) p\u00ebr t\u00eb kopjuar p\u00ebrmbajtjen e faqes n\u00eb internet nga Uebfaqja me q\u00ebllimin e vet\u00ebm t\u00eb krijimit (dhe vet\u00ebm n\u00eb mas\u00ebn e nevojshme p\u00ebr t\u00eb krijuar) nj\u00eb indeks t\u00eb k\u00ebrkuesh\u00ebm t\u00eb webfaqes P\u00ebrmbajtja q\u00eb \u00ebsht\u00eb n\u00eb dispozicion t\u00eb publikut. Ne rezervojm\u00eb t\u00eb drejt\u00ebn t\u00eb revokojm\u00eb k\u00ebt\u00eb leje (p\u00ebrgjith\u00ebsisht ose posa\u00e7\u00ebrisht) n\u00eb \u00e7do koh\u00eb;<\/p>\n<p>4. t\u00eb mbledh\u00eb ose t\u00eb marr\u00eb \u00e7do informacion personalisht t\u00eb identifikuesh\u00ebm nga Uebfaqja, p\u00ebrfshir\u00eb, pa kufizime, emrat e p\u00ebrdoruesve, fjal\u00ebkalimet, adresat e post\u00ebs elektronike;<\/p>\n<p>5. t\u00eb k\u00ebrkojn\u00eb q\u00eb p\u00ebrdorues t\u00eb tjer\u00eb t\u00eb bashkohen ose t\u00eb b\u00ebhen an\u00ebtar\u00eb t\u00eb ndonj\u00eb sh\u00ebrbimi tregtar n\u00eb internet ose organizat\u00eb tjet\u00ebr pa miratimin ton\u00eb me shkrim paraprak;<\/p>\n<p>6. P\u00ebrpjekja p\u00ebr t\u00eb nd\u00ebrhyr\u00eb ose p\u00ebr t\u00eb d\u00ebmtuar ecurin\u00eb e pun\u00ebs s\u00eb webfaqes ose ta mbingarkuar, ose p\u00ebr ta \u00e7aktivizuar<\/p>\n<p>7. dekompiloni ose \u00e7montoni \u00e7do pjes\u00eb t\u00eb ndonj\u00eb Uebfaqe;<\/p>\n<p>8. p\u00ebrdorni softuer p\u00ebr monitorimin e rrjetit p\u00ebr t\u00eb p\u00ebrcaktuar arkitektur\u00ebn ose ekstraktimin e t\u00eb dh\u00ebnave t\u00eb p\u00ebrdorimit nga webfaqja;<\/p>\n<p>9. inkurajoni sjelljen q\u00eb shkel ndonj\u00eb ligj lokal, shtet\u00ebror ose federal, qoft\u00eb civil ose penal, ose personifikoj\u00eb nj\u00eb p\u00ebrdorues, person ose entitet tjet\u00ebr (p.sh., duke p\u00ebrdorur An\u00ebtar\u00ebsin\u00eb e nj\u00eb personi tjet\u00ebr pa leje, etj. );<\/p>\n<p>10. angazhohen n\u00eb \u00e7do sjellje q\u00eb kufizon ose ndalon \u00e7do p\u00ebrdorues tjet\u00ebr t\u00eb p\u00ebrdor\u00eb ose t\u00eb shijoj\u00eb webfaqen.<\/p>\n<p>Ju pranoni t\u00eb bashk\u00ebpunoni plot\u00ebsisht me Pik Ark p\u00ebr t\u00eb hetuar \u00e7do veprimtari t\u00eb dyshuar ose t\u00eb v\u00ebrtet\u00eb q\u00eb \u00ebsht\u00eb n\u00eb kund\u00ebrshtim me k\u00ebto Kushte t\u00eb P\u00ebrdorimit.<\/p>\n<p><b>4.Kushtet p\u00ebr t\u2019u lidhur n\u00eb\u00a0uebfaqen\u00a0<\/b><\/p>\n<p>Ne ju japim nj\u00eb licenc\u00eb jo ekskluzive, t\u00eb kufizuar, t\u00eb revokueshme sipas gjykimit ton\u00eb, p\u00ebr ju q\u00eb t\u00eb lidheni me faqen n\u00eb faqen e internetit nga ndonj\u00eb faqe q\u00eb ju zot\u00ebroni ose kontrolloni q\u00eb nuk \u00ebsht\u00eb konkurrues tregtar me Uebfaqen dhe nuk na kritikon ose nuk na d\u00ebmton, p\u00ebr aq koh\u00eb sa faqja ku \u00ebsht\u00eb\u00a0\u00a0 lidhja, dhe t\u00eb gjitha vendet e tjera n\u00eb t\u00eb cilat lidhjet e tilla faqe, respektojn\u00eb t\u00eb gjitha ligjet n\u00eb fuqi dhe nuk b\u00ebjn\u00eb n\u00eb asnj\u00eb m\u00ebnyr\u00eb abuzim, shpifje, p\u00ebrndjekje, k\u00ebrc\u00ebnim ose shkel t\u00eb drejtat e privat\u00ebsis\u00eb, publicitetit, pron\u00ebsis\u00eb intelektuale ose t\u00eb drejtat e tjera juridike t\u00eb t\u00eb tjer\u00ebve ose, n\u00eb \u00e7far\u00ebdo m\u00ebnyre, postoni, publikoni, shp\u00ebrndani, shp\u00ebrndani ose leht\u00ebsoni \u00e7do informacion t\u00eb pap\u00ebrshtatsh\u00ebm, shkel\u00ebs, shpif\u00ebs, p\u00ebrdhosje, t\u00eb pahijshme, t\u00eb pahijshme ose t\u00eb paligjshme \/ t\u00eb paligjshme, tem\u00eb, em\u00ebr ose material tjet\u00ebr ose q\u00eb shkel frym\u00ebn e misionit ton\u00eb.<\/p>\n<p>Nj\u00eb lidhje e till\u00eb nuk \u00ebsht\u00eb nj\u00eb miratim i faqeve t\u00eb tjera t\u00eb tilla nga ne. T\u00eb gjitha t\u00eb drejtat dhe mjetet tona juridike rezervohen shprehimisht.<\/p>\n<p>&nbsp;<\/p>\n<p><b>5.P\u00ebrmbajtja e uebfaqes dhe lidhja me pal\u00ebt e treta!<\/b><\/p>\n<p>1.Ne ju sjellim uebfaqen duke p\u00ebrfshir\u00eb, pa kufizime\u00a0\u00a0vet\u00ebm p\u00ebrmbajte ne uebfaqe p\u00ebr arg\u00ebtim, edukim dhe q\u00ebllime provovimi. Ju nul mundet t\u00eb mb\u00ebshteti n\u00eb \u00e7do informacion apo opinion tjet\u00ebr t\u00eb shprehur n\u00eb faqen ton\u00eb p\u00ebr ndonj\u00eb q\u00ebllim t\u00eb ndrysh\u00ebm nga ku : n\u00eb secil\u00ebn rrethan\u00eb \u00ebsht\u00eb p\u00ebrgjegj\u00ebsia juaj t\u00eb vler\u00ebson sakt\u00ebsin\u00eb, plot\u00ebsin\u00eb ose dobin\u00eb e informacionit n\u00eb uebfaqe. N\u00ebasnj\u00eb rrethan\u00eb, ne nuk do t\u00eb jemi p\u00ebrgjegj\u00ebs p\u00ebr ndonj\u00eb humbje po d\u00ebmtim e ardhur si rrjedhoj\u00eb i besimi tuaj n\u00eb p\u00ebrmjatjen e uebit ton\u00eb.<\/p>\n<p>2.N\u00eb shum\u00eb raste, p\u00ebrmbajtja n\u00eb internet do t\u00eb p\u00ebrfshij\u00eb p\u00ebrmbajtje t\u00eb postuar nga nj\u00eb pal\u00eb e tret\u00eb ose do t\u00eb p\u00ebrfaq\u00ebsoj\u00eb mendimet dhe gjykimet e nj\u00eb pale t\u00eb tret\u00eb Ne nuk e miratojm\u00eb, garantojm\u00eb dhe nuk jemi p\u00ebrgjegj\u00ebs p\u00ebr sakt\u00ebsin\u00eb, koh\u00ebn e duhur, plot\u00ebsin\u00eb ose besueshm\u00ebrin\u00eb e ndonj\u00eb mendimi, k\u00ebshillimi ose deklarate t\u00eb b\u00ebr\u00eb n\u00eb Uebfaqe nga kushdo tjet\u00ebr p\u00ebrve\u00e7 punonj\u00ebsve t\u00eb autorizuar ose z\u00ebdh\u00ebn\u00ebsit nd\u00ebrsa veprojn\u00eb n\u00eb cil\u00ebsit\u00eb e tyre zyrtare.<\/p>\n<p>3.\u00a0N\u00eb rast mosmarr\u00ebveshje midis personin i cili akseson uebfaqen o se midis personave t\u00eb cil\u00ebt aksesojn\u00eb faqen dhe pal\u00ebt e treta, ju\u00a0\u00a0kuptoni dhe pranoni q\u00eb Pikark nuk ka asnj\u00eb detyrim p\u00ebr tu p\u00ebrfishir\u00eb.\u00a0 N\u00eb ka nj\u00eb diskutim t\u00eb till\u00eb,\u00a0\u00a0ju lironi k\u00ebtu Pikark dhe zyrtar\u00ebt e saj, drejtor\u00ebt, punonj\u00ebsit, prind\u00ebrit, partner\u00ebt, pasardh\u00ebsit, agjent\u00ebt, bashk\u00ebpun\u00ebtor\u00ebt, filialet dhe kompanit\u00eb e tyre t\u00eb lidhura nga pretendimet,\u00a0\u00a0 dhe d\u00ebmtimet e \u00e7far\u00ebdo lloji apo natyre q\u00eb lindin nga , lidhur me, ose n\u00eb \u00e7far\u00ebdo m\u00ebnyre t\u00eb lidhur me nj\u00eb mosmarr\u00ebveshje t\u00eb till\u00eb.<\/p>\n<p>4. Uebsajti mund t\u00eb p\u00ebrmbaj\u00eb lidhje me faqet e internetit t\u00eb tjera t\u00eb mir\u00ebmbajtura nga pal\u00eb t\u00eb treta. Ne nuk operojm\u00eb ose kontrollojm\u00eb, n\u00eb asnj\u00eb aspekt, ose domosdoshm\u00ebrisht miratojm\u00eb p\u00ebrmbajtjen e gjetur n\u00eb k\u00ebto faqe t\u00eb pal\u00ebve t\u00eb treta. Ju merrni p\u00ebrsip\u00ebr t\u00eb gjith\u00eb\u00a0 p\u00ebr p\u00ebrdorimin tuaj t\u00eb lidhjeve me pal\u00ebve t\u00eb treta. Ne nuk jemi p\u00ebrgjegj\u00ebs p\u00ebr asnj\u00eb p\u00ebrmbajtje t\u00eb postuar n\u00eb faqet e internetit t\u00eb pal\u00ebve t\u00eb treta ose nuk kemi p\u00ebrgjegj\u00ebsi\u00a0 p\u00ebr \u00e7do humbje ose d\u00ebmtim t\u00eb \u00e7far\u00ebdo lloji t\u00eb shkaktuar si rezultat i marr\u00ebdh\u00ebnieve tuaja me ndonj\u00eb pal\u00eb t\u00eb tret\u00eb ose faqen e tyre t\u00eb internetit.<\/p>\n<p>5.\u00a0Materialet q\u00eb shfaqen n\u00eb faqen e internetit t\u00eb Pikark-ut mund t\u00eb p\u00ebrfshijn\u00eb gabime teknike, tipografike ose fotografike. Pikark nuk garanton q\u00eb ndonj\u00eb prej materialeve n\u00eb faqen e tij t\u00eb internetit t\u00eb jet\u00eb i sakt\u00eb, i plot\u00eb ose aktual. Pikark mund t\u00eb b\u00ebj\u00eb ndryshime n\u00eb materialet q\u00eb p\u00ebrmbahen n\u00eb faqen e saj t\u00eb internetit n\u00eb \u00e7do koh\u00eb pa njoftim. Sidoqoft\u00eb, Pikark nuk merr ndonj\u00eb angazhim p\u00ebr t\u00eb p\u00ebrdit\u00ebsuar materialet.<\/p>\n<p><b>6. Mosha Minimale<\/b><\/p>\n<p>Asnj\u00eb person n\u00ebn mosh\u00ebn 18 vjec nuk lejohet q\u00eb t\u00eb krijoj\u00eb nj\u00eb profil t\u00eb tijin!<\/p>\n<p><b>7. Ndryshime<\/b><\/p>\n<p>Pikark mundet t\u00eb rishikoj\u00eb k\u00ebto terma sh\u00ebrbimi p\u00ebr uebfaqen n\u00eb \u00e7do koh\u00eb pa njoftim paraprak. Duke p\u00ebrdorur k\u00ebt\u00eb uebfaqe ju pranoni q\u00eb t\u00eb lidheni me versionin e at\u00ebhersh\u00ebm t\u00eb k\u00ebtyre termave t\u00eb p\u00ebrdorimit.<\/p><\/p>\n","protected":false},"excerpt":{"rendered":"<p>PIKARK 1. Hyrja dhe aksesimi &nbsp; Mir\u00ebsevini n\u00eb pikark.com (&#8220;Uebfaqe&#8221;) \u00ebsht\u00eb nj\u00eb sh\u00ebrbim interaktiv online i operuar nga Pikark (&#8220;ne&#8221;, &#8220;ne&#8221; ose &#8220;i yni&#8221;). De bloeddruk beter konden meten dan ze konden en bestel uw medicijnen om uw droge hoest te behandelen in je bio online apotheek of gemiddeld, een lager percentage van chronische ziekte. [&hellip;]<\/p>\n","protected":false},"author":7,"featured_media":0,"parent":0,"menu_order":0,"comment_status":"closed","ping_status":"closed","template":"templates\/content-no-sidebar.php","meta":{"footnotes":""},"yoast_head":"<!-- This site is optimized with the Yoast SEO plugin v21.7 - https:\/\/yoast.com\/wordpress\/plugins\/seo\/ -->\n<title>Terms and conditions - Pikark<\/title>\n<meta name=\"robots\" content=\"index, follow, max-snippet:-1, max-image-preview:large, max-video-preview:-1\" \/>\n<link rel=\"canonical\" href=\"https:\/\/pikark.com\/terma-dhe-kushte\/\" \/>\n<meta property=\"og:locale\" content=\"en_US\" \/>\n<meta property=\"og:type\" content=\"article\" \/>\n<meta property=\"og:title\" content=\"Terms and conditions - Pikark\" \/>\n<meta property=\"og:description\" content=\"PIKARK 1. Hyrja dhe aksesimi &nbsp; Mir\u00ebsevini n\u00eb pikark.com (&#8220;Uebfaqe&#8221;) \u00ebsht\u00eb nj\u00eb sh\u00ebrbim interaktiv online i operuar nga Pikark (&#8220;ne&#8221;, &#8220;ne&#8221; ose &#8220;i yni&#8221;). De bloeddruk beter konden meten dan ze konden en bestel uw medicijnen om uw droge hoest te behandelen in je bio online apotheek of gemiddeld, een lager percentage van chronische ziekte. [&hellip;]\" \/>\n<meta property=\"og:url\" content=\"https:\/\/pikark.com\/terma-dhe-kushte\/\" \/>\n<meta property=\"og:site_name\" content=\"Pikark\" \/>\n<meta property=\"article:publisher\" content=\"https:\/\/www.facebook.com\/pikark.al\" \/>\n<meta property=\"article:modified_time\" content=\"2022-12-26T17:00:50+00:00\" \/>\n<meta property=\"og:image\" content=\"https:\/\/pikark.com\/wp-content\/uploads\/2021\/01\/Pikkkkk.jpg\" \/>\n\t<meta property=\"og:image:width\" content=\"1260\" \/>\n\t<meta property=\"og:image:height\" content=\"630\" \/>\n\t<meta property=\"og:image:type\" content=\"image\/jpeg\" \/>\n<meta name=\"twitter:card\" content=\"summary_large_image\" \/>\n<meta name=\"twitter:label1\" content=\"Est. reading time\" \/>\n\t<meta name=\"twitter:data1\" content=\"10 minutes\" \/>\n<script type=\"application\/ld+json\" class=\"yoast-schema-graph\">{\"@context\":\"https:\/\/schema.org\",\"@graph\":[{\"@type\":\"WebPage\",\"@id\":\"https:\/\/pikark.com\/terma-dhe-kushte\/\",\"url\":\"https:\/\/pikark.com\/terma-dhe-kushte\/\",\"name\":\"[:sq]Terma dhe kushte[:en]Terms and conditions[:] - Pikark\",\"isPartOf\":{\"@id\":\"https:\/\/pikark.com\/#website\"},\"datePublished\":\"2021-01-04T12:37:05+00:00\",\"dateModified\":\"2022-12-26T17:00:50+00:00\",\"breadcrumb\":{\"@id\":\"https:\/\/pikark.com\/terma-dhe-kushte\/#breadcrumb\"},\"inLanguage\":\"en-US\",\"potentialAction\":[{\"@type\":\"ReadAction\",\"target\":[\"https:\/\/pikark.com\/terma-dhe-kushte\/\"]}]},{\"@type\":\"BreadcrumbList\",\"@id\":\"https:\/\/pikark.com\/terma-dhe-kushte\/#breadcrumb\",\"itemListElement\":[{\"@type\":\"ListItem\",\"position\":1,\"name\":\"Home\",\"item\":\"https:\/\/pikark.com\/\"},{\"@type\":\"ListItem\",\"position\":2,\"name\":\"Terma dhe kushte\"}]},{\"@type\":\"WebSite\",\"@id\":\"https:\/\/pikark.com\/#website\",\"url\":\"https:\/\/pikark.com\/\",\"name\":\"Pikark\",\"description\":\"Explore inspiring projects and find the right architects, brand &amp; manufacturers!\",\"publisher\":{\"@id\":\"https:\/\/pikark.com\/#organization\"},\"potentialAction\":[{\"@type\":\"SearchAction\",\"target\":{\"@type\":\"EntryPoint\",\"urlTemplate\":\"https:\/\/pikark.com\/?s={search_term_string}\"},\"query-input\":\"required name=search_term_string\"}],\"inLanguage\":\"en-US\"},{\"@type\":\"Organization\",\"@id\":\"https:\/\/pikark.com\/#organization\",\"name\":\"Pikark\",\"url\":\"https:\/\/pikark.com\/\",\"logo\":{\"@type\":\"ImageObject\",\"inLanguage\":\"en-US\",\"@id\":\"https:\/\/pikark.com\/#\/schema\/logo\/image\/\",\"url\":\"https:\/\/pikark.com\/wp-content\/uploads\/2020\/12\/LOGO_PIKARK-01-1.png\",\"contentUrl\":\"https:\/\/pikark.com\/wp-content\/uploads\/2020\/12\/LOGO_PIKARK-01-1.png\",\"width\":2362,\"height\":2362,\"caption\":\"Pikark\"},\"image\":{\"@id\":\"https:\/\/pikark.com\/#\/schema\/logo\/image\/\"},\"sameAs\":[\"https:\/\/www.facebook.com\/pikark.al\",\"https:\/\/www.instagram.com\/pik.ark\/\"]}]}<\/script>\n<!-- \/ Yoast SEO plugin. -->","yoast_head_json":{"title":"Terms and conditions - Pikark","robots":{"index":"index","follow":"follow","max-snippet":"max-snippet:-1","max-image-preview":"max-image-preview:large","max-video-preview":"max-video-preview:-1"},"canonical":"https:\/\/pikark.com\/terma-dhe-kushte\/","og_locale":"en_US","og_type":"article","og_title":"Terms and conditions - Pikark","og_description":"PIKARK 1. Hyrja dhe aksesimi &nbsp; Mir\u00ebsevini n\u00eb pikark.com (&#8220;Uebfaqe&#8221;) \u00ebsht\u00eb nj\u00eb sh\u00ebrbim interaktiv online i operuar nga Pikark (&#8220;ne&#8221;, &#8220;ne&#8221; ose &#8220;i yni&#8221;). De bloeddruk beter konden meten dan ze konden en bestel uw medicijnen om uw droge hoest te behandelen in je bio online apotheek of gemiddeld, een lager percentage van chronische ziekte. [&hellip;]","og_url":"https:\/\/pikark.com\/terma-dhe-kushte\/","og_site_name":"Pikark","article_publisher":"https:\/\/www.facebook.com\/pikark.al","article_modified_time":"2022-12-26T17:00:50+00:00","og_image":[{"width":1260,"height":630,"url":"https:\/\/pikark.com\/wp-content\/uploads\/2021\/01\/Pikkkkk.jpg","type":"image\/jpeg"}],"twitter_card":"summary_large_image","twitter_misc":{"Est. reading time":"10 minutes"},"schema":{"@context":"https:\/\/schema.org","@graph":[{"@type":"WebPage","@id":"https:\/\/pikark.com\/terma-dhe-kushte\/","url":"https:\/\/pikark.com\/terma-dhe-kushte\/","name":"[:sq]Terma dhe kushte[:en]Terms and conditions[:] - Pikark","isPartOf":{"@id":"https:\/\/pikark.com\/#website"},"datePublished":"2021-01-04T12:37:05+00:00","dateModified":"2022-12-26T17:00:50+00:00","breadcrumb":{"@id":"https:\/\/pikark.com\/terma-dhe-kushte\/#breadcrumb"},"inLanguage":"en-US","potentialAction":[{"@type":"ReadAction","target":["https:\/\/pikark.com\/terma-dhe-kushte\/"]}]},{"@type":"BreadcrumbList","@id":"https:\/\/pikark.com\/terma-dhe-kushte\/#breadcrumb","itemListElement":[{"@type":"ListItem","position":1,"name":"Home","item":"https:\/\/pikark.com\/"},{"@type":"ListItem","position":2,"name":"Terma dhe kushte"}]},{"@type":"WebSite","@id":"https:\/\/pikark.com\/#website","url":"https:\/\/pikark.com\/","name":"Pikark","description":"Explore inspiring projects and find the right architects, brand &amp; manufacturers!","publisher":{"@id":"https:\/\/pikark.com\/#organization"},"potentialAction":[{"@type":"SearchAction","target":{"@type":"EntryPoint","urlTemplate":"https:\/\/pikark.com\/?s={search_term_string}"},"query-input":"required name=search_term_string"}],"inLanguage":"en-US"},{"@type":"Organization","@id":"https:\/\/pikark.com\/#organization","name":"Pikark","url":"https:\/\/pikark.com\/","logo":{"@type":"ImageObject","inLanguage":"en-US","@id":"https:\/\/pikark.com\/#\/schema\/logo\/image\/","url":"https:\/\/pikark.com\/wp-content\/uploads\/2020\/12\/LOGO_PIKARK-01-1.png","contentUrl":"https:\/\/pikark.com\/wp-content\/uploads\/2020\/12\/LOGO_PIKARK-01-1.png","width":2362,"height":2362,"caption":"Pikark"},"image":{"@id":"https:\/\/pikark.com\/#\/schema\/logo\/image\/"},"sameAs":["https:\/\/www.facebook.com\/pikark.al","https:\/\/www.instagram.com\/pik.ark\/"]}]}},"_links":{"self":[{"href":"https:\/\/pikark.com\/en\/wp-json\/wp\/v2\/pages\/18288"}],"collection":[{"href":"https:\/\/pikark.com\/en\/wp-json\/wp\/v2\/pages"}],"about":[{"href":"https:\/\/pikark.com\/en\/wp-json\/wp\/v2\/types\/page"}],"author":[{"embeddable":true,"href":"https:\/\/pikark.com\/en\/wp-json\/wp\/v2\/users\/7"}],"replies":[{"embeddable":true,"href":"https:\/\/pikark.com\/en\/wp-json\/wp\/v2\/comments?post=18288"}],"version-history":[{"count":0,"href":"https:\/\/pikark.com\/en\/wp-json\/wp\/v2\/pages\/18288\/revisions"}],"wp:attachment":[{"href":"https:\/\/pikark.com\/en\/wp-json\/wp\/v2\/media?parent=18288"}],"curies":[{"name":"wp","href":"https:\/\/api.w.org\/{rel}","templated":true}]}}