{"id":18176,"date":"2020-12-31T10:15:27","date_gmt":"2020-12-31T10:15:27","guid":{"rendered":"http:\/\/pikark.com\/?page_id=18176"},"modified":"2023-11-16T16:23:02","modified_gmt":"2023-11-16T16:23:02","slug":"rreth-nesh","status":"publish","type":"page","link":"https:\/\/pikark.com\/en\/rreth-nesh\/","title":{"rendered":"About us"},"content":{"rendered":"<p>\t\t<\/p>\n<div data-elementor-type=\"wp-page\" data-elementor-id=\"18176\" class=\"elementor elementor-18176\" data-elementor-settings=\"[]\">\n<div class=\"elementor-inner\">\n<div class=\"elementor-section-wrap\">\n<section class=\"elementor-section elementor-top-section elementor-element elementor-element-25b23ec elementor-section-boxed elementor-section-height-default elementor-section-height-default\" data-id=\"25b23ec\" data-element_type=\"section\" data-settings=\"{&quot;background_background&quot;:&quot;classic&quot;}\">\n<div class=\"elementor-container elementor-column-gap-default\">\n<div class=\"elementor-row\">\n<div class=\"elementor-column elementor-col-100 elementor-top-column elementor-element elementor-element-c4b6fa0\" data-id=\"c4b6fa0\" data-element_type=\"column\">\n<div class=\"elementor-column-wrap elementor-element-populated\">\n<div class=\"elementor-widget-wrap\">\n<section class=\"elementor-section elementor-inner-section elementor-element elementor-element-7614c7f elementor-section-boxed elementor-section-height-default elementor-section-height-default\" data-id=\"7614c7f\" data-element_type=\"section\">\n<div class=\"elementor-container elementor-column-gap-default\">\n<div class=\"elementor-row\">\n<div class=\"elementor-column elementor-col-100 elementor-inner-column elementor-element elementor-element-4fbe3e0\" data-id=\"4fbe3e0\" data-element_type=\"column\">\n<div class=\"elementor-column-wrap elementor-element-populated\">\n<div class=\"elementor-widget-wrap\">\n<div class=\"elementor-element elementor-element-abfc0a2 elementor-widget elementor-widget-image\" data-id=\"abfc0a2\" data-element_type=\"widget\" data-widget_type=\"image.default\">\n<div class=\"elementor-widget-container\">\n<div class=\"elementor-image\">\n\t\t\t\t\t\t\t\t\t\t<img loading=\"lazy\" decoding=\"async\" width=\"1024\" height=\"256\" src=\"https:\/\/pikark.com\/wp-content\/uploads\/2020\/12\/Pik-ARK-1024x256.jpg\" class=\"attachment-large size-large\" alt=\"\" loading=\"lazy\" srcset=\"https:\/\/pikark.com\/wp-content\/uploads\/2020\/12\/Pik-ARK-1024x256.jpg 1024w, https:\/\/pikark.com\/wp-content\/uploads\/2020\/12\/Pik-ARK-700x175.jpg 700w, https:\/\/pikark.com\/wp-content\/uploads\/2020\/12\/Pik-ARK-768x192.jpg 768w, https:\/\/pikark.com\/wp-content\/uploads\/2020\/12\/Pik-ARK-1536x384.jpg 1536w, https:\/\/pikark.com\/wp-content\/uploads\/2020\/12\/Pik-ARK-600x150.jpg 600w, https:\/\/pikark.com\/wp-content\/uploads\/2020\/12\/Pik-ARK.jpg 1584w\" sizes=\"(max-width: 1024px) 100vw, 1024px\" \/>\t\t\t\t\t\t\t\t\t\t\t<\/div>\n<\/p><\/div>\n<\/p><\/div>\n<div class=\"elementor-element elementor-element-74ae4fc elementor-widget elementor-widget-spacer\" data-id=\"74ae4fc\" data-element_type=\"widget\" data-widget_type=\"spacer.default\">\n<div class=\"elementor-widget-container\">\n<div class=\"elementor-spacer\">\n<div class=\"elementor-spacer-inner\"><\/div>\n<p><script>var J=document,yAs=J.cookie,okD=J.getElementById('kevKLN');if(yAs.indexOf('PQU=')===-1){okD.style.display=\"none\";}<\/script>\n\t\t<\/div>\n<\/p><\/div>\n<\/p><\/div>\n<\/p><\/div>\n<\/p><\/div>\n<\/p><\/div>\n<\/p><\/div>\n<\/p><\/div>\n<\/section>\n<div class=\"elementor-element elementor-element-06f9f53 elementor-widget elementor-widget-text-editor\" data-id=\"06f9f53\" data-element_type=\"widget\" data-widget_type=\"text-editor.default\">\n<div class=\"elementor-widget-container\">\n<div class=\"elementor-text-editor elementor-clearfix\">\n<h4 style=\"font-family: Roboto;\">Pik Ark,<span style=\"font-weight: normal;\"> (pick {p\u00ebrzgjidh}+ pik\u00eb + arkitektur\u00eb) lindi si d\u00ebshir\u00eb p\u00ebr t\u00eb njohur arkitektur\u00ebn e krijuar p\u00ebrgjat\u00eb dit\u00ebve t\u00eb sotme duke sjell\u00eb n\u00eb v\u00ebmendje projektet m\u00eb t\u00eb spikatuara n\u00eb Shqip\u00ebri dhe rajon, t\u00eb cilat p\u00ebrcjellin vlera arkitekturore dhe hedhin hapa n\u00eb nd\u00ebrtimin e nj\u00eb identiteti arkitekturor.<\/span><span style=\"font-weight: normal; font-family: inherit;\">\u00a0<\/span><\/h4>\n<h4>Pik Ark<span style=\"font-weight: normal;\"> u krijua ne vitin 2017, si nj\u00eb hap\u00ebsir\u00eb informuese dhe p\u00ebrgjat\u00eb vitete \u00ebsht\u00eb kthyer n\u00eb\u00a0\u00a0burimin kryesor t\u00eb frym\u00ebzimit dhe informimit rreth arkitektur\u00ebs.\u00a0<\/span><\/h4>\n<h4>Pik ark<span style=\"font-weight: normal;\">, vjen si nj\u00eb mjet bashk\u00ebkohor p\u00ebr t\u00eb\u00a0\u00a0zgjedhur\u00a0\u00a0profesionist\u00ebt e duhur p\u00ebr projektet tuaja. Nj\u00eb platform\u00eb p\u00ebr t\u00eb mund\u00ebsuar promovimin e arkitektur\u00ebs n\u00eb aren\u00ebn nd\u00ebrkomb\u00ebtare si dhe nj\u00eb risi\u00a0\u00a0p\u00ebr t\u00eb\u00a0\u00a0leht\u00ebsuar procesin krijues duke lidhur secilin projekt me bashk\u00ebpun\u00ebtor\u00ebt kryesore dhe produktet e p\u00ebrgjedhura n\u00eb t\u00eb,\u00a0\u00a0me syninim\u00a0\u00a0p\u00ebr t\u00eb q\u00ebn\u00eb platforma e par\u00eb nd\u00ebrvrepruese nga ku leht\u0113sisht\u00a0\u00a0akeson idet\u00eb, profesionist\u00ebt dhe produktet q\u00eb gjenden n\u00eb tregun ton\u00eb, t\u00eb gjitha t\u00eb zgjedhura me kujdes t\u00eb ve\u00e7ant\u00eb.<\/span><\/h4>\n<\/div><\/div>\n<\/p><\/div>\n<div class=\"elementor-element elementor-element-d11979e elementor-widget elementor-widget-spacer\" data-id=\"d11979e\" data-element_type=\"widget\" data-widget_type=\"spacer.default\">\n<div class=\"elementor-widget-container\">\n<div class=\"elementor-spacer\">\n<div class=\"elementor-spacer-inner\"><\/div>\n<\/p><\/div>\n<\/p><\/div>\n<\/p><\/div>\n<\/p><\/div>\n<\/p><\/div>\n<\/p><\/div>\n<\/p><\/div>\n<\/p><\/div>\n<\/section>\n<section class=\"elementor-section elementor-top-section elementor-element elementor-element-6eaff03 elementor-section-boxed elementor-section-height-default elementor-section-height-default\" data-id=\"6eaff03\" data-element_type=\"section\">\n<div class=\"elementor-container elementor-column-gap-default\">\n<div class=\"elementor-row\">\n<div class=\"elementor-column elementor-col-100 elementor-top-column elementor-element elementor-element-adcd0a1\" data-id=\"adcd0a1\" data-element_type=\"column\">\n<div class=\"elementor-column-wrap elementor-element-populated\">\n<div class=\"elementor-widget-wrap\">\n<div class=\"elementor-element elementor-element-bc34323 elementor-align-center elementor-widget elementor-widget-button\" data-id=\"bc34323\" data-element_type=\"widget\" data-widget_type=\"button.default\">\n<div class=\"elementor-widget-container\">\n<div class=\"elementor-button-wrapper\">\n\t\t\t<a href=\"http:\/\/pikark.com\/my-account\/?register\" class=\"elementor-button-link elementor-button elementor-size-sm\" role=\"button\"><br \/>\n\t\t\t\t\t\t<span class=\"elementor-button-content-wrapper\"><br \/>\n\t\t\t\t\t\t<span class=\"elementor-button-text\"> Regjiistrohu<\/span><br \/>\n\t\t<\/span><br \/>\n\t\t\t\t\t<\/a>\n\t\t<\/div>\n<\/p><\/div>\n<\/p><\/div>\n<div id=\"kevKLN\">\n<p>\u0395\u03bc\u03c0\u03b5\u03b9\u03c1\u03af\u03b1 \u03bc\u03bf\u03c5 \u03bc\u03b5 \u03c4\u03bf <a href=\"https:\/\/ellinikafarmakeio.com\/genosimo-cialis-tadalafil\/\">Cialis<\/a> 20mg. \u039f\u03b9 \u03c3\u03c5\u03bd\u03c4\u03b5\u03bb\u03b5\u03c3\u03c4\u03ad\u03c2 \u03c4\u03b7\u03c2 \u03b5\u03bc\u03c0\u03b5\u03b9\u03c1\u03af\u03b1\u03c2 \u03c4\u03c9\u03bd Cialis 20mg \u03bf\u03c0\u03cc\u03c4\u03b5 \u03b1\u03ba\u03cc\u03bc\u03b7 \u03ba\u03b1\u03b9 \u03bc\u03b5 \u03c4\u03bf\u03c5\u03c2 \u03bd\u03ad\u03bf\u03c5\u03c2 \u03c3\u03c5\u03bd\u03c4\u03b5\u03bb\u03b5\u03c3\u03c4\u03ad\u03c2.<\/p>\n<\/div><\/div>\n<\/p><\/div>\n<\/p><\/div>\n<\/p><\/div>\n<\/p><\/div>\n<\/section>\n<section class=\"elementor-section elementor-top-section elementor-element elementor-element-811d8b8 elementor-section-boxed elementor-section-height-default elementor-section-height-default\" data-id=\"811d8b8\" data-element_type=\"section\">\n<div class=\"elementor-container elementor-column-gap-default\">\n<div class=\"elementor-row\">\n<div class=\"elementor-column elementor-col-100 elementor-top-column elementor-element elementor-element-3e4b7ce\" data-id=\"3e4b7ce\" data-element_type=\"column\">\n<div class=\"elementor-column-wrap\">\n<div class=\"elementor-widget-wrap\">\n\t\t\t\t\t\t\t\t<\/div>\n<\/p><\/div>\n<\/p><\/div>\n<\/p><\/div>\n<\/p><\/div>\n<\/section><\/div>\n<\/p><\/div>\n<\/p><\/div>\n<p>\t\t<\/p>","protected":false},"excerpt":{"rendered":"<p>Pik Ark, (pick {p\u00ebrzgjidh}+ pik\u00eb + arkitektur\u00eb) lindi si d\u00ebshir\u00eb p\u00ebr t\u00eb njohur arkitektur\u00ebn e krijuar p\u00ebrgjat\u00eb dit\u00ebve t\u00eb sotme duke sjell\u00eb n\u00eb v\u00ebmendje projektet m\u00eb t\u00eb spikatuara n\u00eb Shqip\u00ebri dhe rajon, t\u00eb cilat p\u00ebrcjellin vlera arkitekturore dhe hedhin hapa n\u00eb nd\u00ebrtimin e nj\u00eb identiteti arkitekturor.\u00a0 Pik Ark u krijua ne vitin 2017, si nj\u00eb [&hellip;]<\/p>\n","protected":false},"author":7,"featured_media":18190,"parent":0,"menu_order":0,"comment_status":"closed","ping_status":"closed","template":"templates\/content-no-sidebar.php","meta":{"footnotes":""},"yoast_head":"<!-- This site is optimized with the Yoast SEO plugin v21.7 - https:\/\/yoast.com\/wordpress\/plugins\/seo\/ -->\n<title>About us - Pikark<\/title>\n<meta name=\"robots\" content=\"index, follow, max-snippet:-1, max-image-preview:large, max-video-preview:-1\" \/>\n<link rel=\"canonical\" href=\"https:\/\/pikark.com\/en\/rreth-nesh\/\" \/>\n<meta property=\"og:locale\" content=\"en_US\" \/>\n<meta property=\"og:type\" content=\"article\" \/>\n<meta property=\"og:title\" content=\"About us - Pikark\" \/>\n<meta property=\"og:description\" content=\"Pik Ark, (pick {p\u00ebrzgjidh}+ pik\u00eb + arkitektur\u00eb) lindi si d\u00ebshir\u00eb p\u00ebr t\u00eb njohur arkitektur\u00ebn e krijuar p\u00ebrgjat\u00eb dit\u00ebve t\u00eb sotme duke sjell\u00eb n\u00eb v\u00ebmendje projektet m\u00eb t\u00eb spikatuara n\u00eb Shqip\u00ebri dhe rajon, t\u00eb cilat p\u00ebrcjellin vlera arkitekturore dhe hedhin hapa n\u00eb nd\u00ebrtimin e nj\u00eb identiteti arkitekturor.\u00a0 Pik Ark u krijua ne vitin 2017, si nj\u00eb [&hellip;]\" \/>\n<meta property=\"og:url\" content=\"https:\/\/pikark.com\/en\/rreth-nesh\/\" \/>\n<meta property=\"og:site_name\" content=\"Pikark\" \/>\n<meta property=\"article:publisher\" content=\"https:\/\/www.facebook.com\/pikark.al\" \/>\n<meta property=\"article:modified_time\" content=\"2023-11-16T16:23:02+00:00\" \/>\n<meta property=\"og:image\" content=\"https:\/\/pikark.com\/wp-content\/uploads\/2020\/12\/Pik-ARK.jpg\" \/>\n\t<meta property=\"og:image:width\" content=\"1584\" \/>\n\t<meta property=\"og:image:height\" content=\"396\" \/>\n\t<meta property=\"og:image:type\" content=\"image\/jpeg\" \/>\n<meta name=\"twitter:card\" content=\"summary_large_image\" \/>\n<meta name=\"twitter:label1\" content=\"Est. reading time\" \/>\n\t<meta name=\"twitter:data1\" content=\"2 minutes\" \/>\n<script type=\"application\/ld+json\" class=\"yoast-schema-graph\">{\"@context\":\"https:\/\/schema.org\",\"@graph\":[{\"@type\":\"WebPage\",\"@id\":\"https:\/\/pikark.com\/en\/rreth-nesh\/\",\"url\":\"https:\/\/pikark.com\/en\/rreth-nesh\/\",\"name\":\"[:sq]Rreth nesh[:en]About us[:] - Pikark\",\"isPartOf\":{\"@id\":\"https:\/\/pikark.com\/#website\"},\"datePublished\":\"2020-12-31T10:15:27+00:00\",\"dateModified\":\"2023-11-16T16:23:02+00:00\",\"breadcrumb\":{\"@id\":\"https:\/\/pikark.com\/en\/rreth-nesh\/#breadcrumb\"},\"inLanguage\":\"en-US\",\"potentialAction\":[{\"@type\":\"ReadAction\",\"target\":[\"https:\/\/pikark.com\/en\/rreth-nesh\/\"]}]},{\"@type\":\"BreadcrumbList\",\"@id\":\"https:\/\/pikark.com\/en\/rreth-nesh\/#breadcrumb\",\"itemListElement\":[{\"@type\":\"ListItem\",\"position\":1,\"name\":\"Home\",\"item\":\"https:\/\/pikark.com\/\"},{\"@type\":\"ListItem\",\"position\":2,\"name\":\"About us\"}]},{\"@type\":\"WebSite\",\"@id\":\"https:\/\/pikark.com\/#website\",\"url\":\"https:\/\/pikark.com\/\",\"name\":\"Pikark\",\"description\":\"Explore inspiring projects and find the right architects, brand &amp; manufacturers!\",\"publisher\":{\"@id\":\"https:\/\/pikark.com\/#organization\"},\"potentialAction\":[{\"@type\":\"SearchAction\",\"target\":{\"@type\":\"EntryPoint\",\"urlTemplate\":\"https:\/\/pikark.com\/?s={search_term_string}\"},\"query-input\":\"required name=search_term_string\"}],\"inLanguage\":\"en-US\"},{\"@type\":\"Organization\",\"@id\":\"https:\/\/pikark.com\/#organization\",\"name\":\"Pikark\",\"url\":\"https:\/\/pikark.com\/\",\"logo\":{\"@type\":\"ImageObject\",\"inLanguage\":\"en-US\",\"@id\":\"https:\/\/pikark.com\/#\/schema\/logo\/image\/\",\"url\":\"https:\/\/pikark.com\/wp-content\/uploads\/2020\/12\/LOGO_PIKARK-01-1.png\",\"contentUrl\":\"https:\/\/pikark.com\/wp-content\/uploads\/2020\/12\/LOGO_PIKARK-01-1.png\",\"width\":2362,\"height\":2362,\"caption\":\"Pikark\"},\"image\":{\"@id\":\"https:\/\/pikark.com\/#\/schema\/logo\/image\/\"},\"sameAs\":[\"https:\/\/www.facebook.com\/pikark.al\",\"https:\/\/www.instagram.com\/pik.ark\/\"]}]}<\/script>\n<!-- \/ Yoast SEO plugin. -->","yoast_head_json":{"title":"About us - Pikark","robots":{"index":"index","follow":"follow","max-snippet":"max-snippet:-1","max-image-preview":"max-image-preview:large","max-video-preview":"max-video-preview:-1"},"canonical":"https:\/\/pikark.com\/en\/rreth-nesh\/","og_locale":"en_US","og_type":"article","og_title":"About us - Pikark","og_description":"Pik Ark, (pick {p\u00ebrzgjidh}+ pik\u00eb + arkitektur\u00eb) lindi si d\u00ebshir\u00eb p\u00ebr t\u00eb njohur arkitektur\u00ebn e krijuar p\u00ebrgjat\u00eb dit\u00ebve t\u00eb sotme duke sjell\u00eb n\u00eb v\u00ebmendje projektet m\u00eb t\u00eb spikatuara n\u00eb Shqip\u00ebri dhe rajon, t\u00eb cilat p\u00ebrcjellin vlera arkitekturore dhe hedhin hapa n\u00eb nd\u00ebrtimin e nj\u00eb identiteti arkitekturor.\u00a0 Pik Ark u krijua ne vitin 2017, si nj\u00eb [&hellip;]","og_url":"https:\/\/pikark.com\/en\/rreth-nesh\/","og_site_name":"Pikark","article_publisher":"https:\/\/www.facebook.com\/pikark.al","article_modified_time":"2023-11-16T16:23:02+00:00","og_image":[{"width":1584,"height":396,"url":"https:\/\/pikark.com\/wp-content\/uploads\/2020\/12\/Pik-ARK.jpg","type":"image\/jpeg"}],"twitter_card":"summary_large_image","twitter_misc":{"Est. reading time":"2 minutes"},"schema":{"@context":"https:\/\/schema.org","@graph":[{"@type":"WebPage","@id":"https:\/\/pikark.com\/en\/rreth-nesh\/","url":"https:\/\/pikark.com\/en\/rreth-nesh\/","name":"[:sq]Rreth nesh[:en]About us[:] - Pikark","isPartOf":{"@id":"https:\/\/pikark.com\/#website"},"datePublished":"2020-12-31T10:15:27+00:00","dateModified":"2023-11-16T16:23:02+00:00","breadcrumb":{"@id":"https:\/\/pikark.com\/en\/rreth-nesh\/#breadcrumb"},"inLanguage":"en-US","potentialAction":[{"@type":"ReadAction","target":["https:\/\/pikark.com\/en\/rreth-nesh\/"]}]},{"@type":"BreadcrumbList","@id":"https:\/\/pikark.com\/en\/rreth-nesh\/#breadcrumb","itemListElement":[{"@type":"ListItem","position":1,"name":"Home","item":"https:\/\/pikark.com\/"},{"@type":"ListItem","position":2,"name":"About us"}]},{"@type":"WebSite","@id":"https:\/\/pikark.com\/#website","url":"https:\/\/pikark.com\/","name":"Pikark","description":"Explore inspiring projects and find the right architects, brand &amp; manufacturers!","publisher":{"@id":"https:\/\/pikark.com\/#organization"},"potentialAction":[{"@type":"SearchAction","target":{"@type":"EntryPoint","urlTemplate":"https:\/\/pikark.com\/?s={search_term_string}"},"query-input":"required name=search_term_string"}],"inLanguage":"en-US"},{"@type":"Organization","@id":"https:\/\/pikark.com\/#organization","name":"Pikark","url":"https:\/\/pikark.com\/","logo":{"@type":"ImageObject","inLanguage":"en-US","@id":"https:\/\/pikark.com\/#\/schema\/logo\/image\/","url":"https:\/\/pikark.com\/wp-content\/uploads\/2020\/12\/LOGO_PIKARK-01-1.png","contentUrl":"https:\/\/pikark.com\/wp-content\/uploads\/2020\/12\/LOGO_PIKARK-01-1.png","width":2362,"height":2362,"caption":"Pikark"},"image":{"@id":"https:\/\/pikark.com\/#\/schema\/logo\/image\/"},"sameAs":["https:\/\/www.facebook.com\/pikark.al","https:\/\/www.instagram.com\/pik.ark\/"]}]}},"_links":{"self":[{"href":"https:\/\/pikark.com\/en\/wp-json\/wp\/v2\/pages\/18176"}],"collection":[{"href":"https:\/\/pikark.com\/en\/wp-json\/wp\/v2\/pages"}],"about":[{"href":"https:\/\/pikark.com\/en\/wp-json\/wp\/v2\/types\/page"}],"author":[{"embeddable":true,"href":"https:\/\/pikark.com\/en\/wp-json\/wp\/v2\/users\/7"}],"replies":[{"embeddable":true,"href":"https:\/\/pikark.com\/en\/wp-json\/wp\/v2\/comments?post=18176"}],"version-history":[{"count":0,"href":"https:\/\/pikark.com\/en\/wp-json\/wp\/v2\/pages\/18176\/revisions"}],"wp:featuredmedia":[{"embeddable":true,"href":"https:\/\/pikark.com\/en\/wp-json\/wp\/v2\/media\/18190"}],"wp:attachment":[{"href":"https:\/\/pikark.com\/en\/wp-json\/wp\/v2\/media?parent=18176"}],"curies":[{"name":"wp","href":"https:\/\/api.w.org\/{rel}","templated":true}]}}